{"id":14582,"date":"2022-07-03T09:26:04","date_gmt":"2022-07-03T07:26:04","guid":{"rendered":"https:\/\/www.signature-residence.com\/over-ons\/"},"modified":"2024-03-03T11:17:06","modified_gmt":"2024-03-03T09:17:06","slug":"over-ons","status":"publish","type":"page","link":"https:\/\/www.signature-residence.com\/nl\/over-ons\/","title":{"rendered":"Over ons"},"content":{"rendered":"<section class=\"wpb-content-wrapper\"><p>[vc_row full_width=&#8221;stretch_row_content_no_spaces&#8221; full_height=&#8221;yes&#8221; columns_placement=&#8221;bottom&#8221; equal_height=&#8221;yes&#8221; content_placement=&#8221;middle&#8221; video_bg=&#8221;yes&#8221; video_bg_url=&#8221;https:\/\/www.youtube.com\/watch?v=oLb7ITzfhuo&#8221; el_id=&#8221;videoHead&#8221;][vc_column][\/vc_column][\/vc_row][vc_row][vc_column][vc_column_text]<\/p>\n<h1 style=\"text-align: center;\">WELKOM BIJ SIGNATURE RESIDENCE SA<\/h1>\n<h2>Wij kunnen u helpen om meer te doen waar u van houdt. Of u nu exclusief wilt dineren aan de chef&#8217;s table in uw favoriete restaurants, VIP-tickets voor concerten, accommodatie, fietsen of een droomvakantie in Kaapstad voor u en uw gezin, wij zijn er om u in contact te brengen met de dingen waar u het meest van geniet. Ons bedrijf is gebouwd op connectiviteit, en ons lokale netwerk van partners staat klaar om elke wens, nieuw en oud, groot en klein, in vervulling te laten gaan. Kaapstad is klaar voor u en het team van Signature Residence SA ook.<\/h2>\n<p>[\/vc_column_text][\/vc_column][\/vc_row][vc_row full_width=&#8221;stretch_row_content_no_spaces&#8221; equal_height=&#8221;yes&#8221;][vc_column width=&#8221;1\/2&#8243;][vc_single_image image=&#8221;657&#8243; img_size=&#8221;full&#8221; alignment=&#8221;right&#8221; onclick=&#8221;zoom&#8221;][\/vc_column][vc_column width=&#8221;1\/2&#8243; css=&#8221;.vc_custom_1656834385892{background-color: #eeeeee !important;}&#8221;][vc_column_text el_class=&#8221;about-hanber&#8221; css=&#8221;.vc_custom_1658915759107{padding-right: 20px !important;padding-bottom: 20px !important;padding-left: 20px !important;}&#8221;]<\/p>\n<h3>ONTMOET ONZE CEO &#8211; HANBER LEEDO<\/h3>\n<p class=\"paragraph text-start\">Als een van de favoriete accommodatie- en conci\u00ebrgebedrijven in Kaapstad werd Signature Residence SA in 2019 opgericht door Hanber Leedo. Hij wilde een luxueuze conci\u00ebrgeservice bieden waarvan hij vond dat deze niet goed werd aangepakt &#8211; een professionele conci\u00ebrgeservice die geprivilegieerde toegang biedt tot de beste luxueuze levensstijl, met minimale rompslomp, en die zijn beloften nakomt voor alle internationale toeristen die Kaapstad bezoeken.<\/p>\n<p class=\"paragraph text-start\">Sindsdien is Signature Residence SA uitgegroeid van een eenvoudige gastenlijst tot een exclusieve full-service conci\u00ebrge, gespecialiseerd in alle aspecten van VIP-entertainment en reizen in Kaapstad, inclusief de focus op accommodatie, fietsverhuur, restaurantreserveringen, priv\u00e9jet charters, helikoptervluchten of alles wat te maken heeft met het mogelijk maken van een droomvakantie in Kaapstad.<\/p>\n<p>[\/vc_column_text][vc_btn title=&#8221;CONTACT ME&#8221; style=&#8221;flat&#8221; shape=&#8221;square&#8221; color=&#8221;black&#8221; size=&#8221;lg&#8221; link=&#8221;url:https%3A%2F%2Fsign.hostdev.co.za%2Fbookings%2F|title:Boekingen|&#8221; css=&#8221;.vc_custom_1656835351160{padding-left: 20px !important;}&#8221; el_class=&#8221;btn-wp-secondary&#8221;][\/vc_column][\/vc_row][vc_row][vc_column css=&#8221;.vc_custom_1656843796106{padding-bottom: 50px !important;}&#8221;][vc_separator][\/vc_column][vc_column][\/vc_column][vc_column][\/vc_column][\/vc_row][vc_row][vc_column][\/vc_column][\/vc_row]<\/p>\n<\/section>","protected":false},"excerpt":{"rendered":"<p>[vc_row full_width=&#8221;stretch_row_content_no_spaces&#8221; full_height=&#8221;yes&#8221; columns_placement=&#8221;bottom&#8221; equal_height=&#8221;yes&#8221; content_placement=&#8221;middle&#8221; video_bg=&#8221;yes&#8221; video_bg_url=&#8221;https:\/\/www.youtube.com\/watch?v=oLb7ITzfhuo&#8221; el_id=&#8221;videoHead&#8221;][vc_column][\/vc_column][\/vc_row][vc_row][vc_column][vc_column_text] WELKOM BIJ SIGNATURE RESIDENCE SA Wij kunnen u helpen om meer te doen waar u van houdt. Of u nu exclusief wilt dineren aan de chef&#8217;s table in uw favoriete restaurants, VIP-tickets voor concerten, accommodatie, fietsen of een droomvakantie in Kaapstad voor u en uw gezin, [&hellip;]<\/p>\n","protected":false},"author":1,"featured_media":0,"parent":0,"menu_order":0,"comment_status":"closed","ping_status":"closed","template":"page-blank-with-container.php","meta":{"_acf_changed":false,"inline_featured_image":false,"footnotes":""},"class_list":["post-14582","page","type-page","status-publish","hentry"],"acf":[],"yoast_head":"<!-- This site is optimized with the Yoast SEO plugin v26.6 - https:\/\/yoast.com\/wordpress\/plugins\/seo\/ -->\n<title>Over ons - Signature Residence SA<\/title>\n<meta name=\"robots\" content=\"index, follow, max-snippet:-1, max-image-preview:large, max-video-preview:-1\" \/>\n<link rel=\"canonical\" href=\"https:\/\/www.signature-residence.com\/nl\/over-ons\/\" \/>\n<meta property=\"og:locale\" content=\"nl_NL\" \/>\n<meta property=\"og:type\" content=\"article\" \/>\n<meta property=\"og:title\" content=\"Over ons - Signature Residence SA\" \/>\n<meta property=\"og:description\" content=\"[vc_row full_width=&#8221;stretch_row_content_no_spaces&#8221; full_height=&#8221;yes&#8221; columns_placement=&#8221;bottom&#8221; equal_height=&#8221;yes&#8221; content_placement=&#8221;middle&#8221; video_bg=&#8221;yes&#8221; video_bg_url=&#8221;https:\/\/www.youtube.com\/watch?v=oLb7ITzfhuo&#8221; el_id=&#8221;videoHead&#8221;][vc_column][\/vc_column][\/vc_row][vc_row][vc_column][vc_column_text] WELKOM BIJ SIGNATURE RESIDENCE SA Wij kunnen u helpen om meer te doen waar u van houdt. Of u nu exclusief wilt dineren aan de chef&#8217;s table in uw favoriete restaurants, VIP-tickets voor concerten, accommodatie, fietsen of een droomvakantie in Kaapstad voor u en uw gezin, [&hellip;]\" \/>\n<meta property=\"og:url\" content=\"https:\/\/www.signature-residence.com\/nl\/over-ons\/\" \/>\n<meta property=\"og:site_name\" content=\"Signature Residence SA\" \/>\n<meta property=\"article:publisher\" content=\"https:\/\/www.facebook.com\/residencesa\" \/>\n<meta property=\"article:modified_time\" content=\"2024-03-03T09:17:06+00:00\" \/>\n<meta name=\"twitter:card\" content=\"summary_large_image\" \/>\n<meta name=\"twitter:label1\" content=\"Geschatte leestijd\" \/>\n\t<meta name=\"twitter:data1\" content=\"2 minuten\" \/>\n<script type=\"application\/ld+json\" class=\"yoast-schema-graph\">{\"@context\":\"https:\/\/schema.org\",\"@graph\":[{\"@type\":\"WebPage\",\"@id\":\"https:\/\/www.signature-residence.com\/nl\/over-ons\/\",\"url\":\"https:\/\/www.signature-residence.com\/nl\/over-ons\/\",\"name\":\"Over ons - Signature Residence SA\",\"isPartOf\":{\"@id\":\"https:\/\/www.signature-residence.com\/nl\/#website\"},\"datePublished\":\"2022-07-03T07:26:04+00:00\",\"dateModified\":\"2024-03-03T09:17:06+00:00\",\"breadcrumb\":{\"@id\":\"https:\/\/www.signature-residence.com\/nl\/over-ons\/#breadcrumb\"},\"inLanguage\":\"nl-NL\",\"potentialAction\":[{\"@type\":\"ReadAction\",\"target\":[\"https:\/\/www.signature-residence.com\/nl\/over-ons\/\"]}]},{\"@type\":\"BreadcrumbList\",\"@id\":\"https:\/\/www.signature-residence.com\/nl\/over-ons\/#breadcrumb\",\"itemListElement\":[{\"@type\":\"ListItem\",\"position\":1,\"name\":\"Home\",\"item\":\"https:\/\/www.signature-residence.com\/nl\/\"},{\"@type\":\"ListItem\",\"position\":2,\"name\":\"Over ons\"}]},{\"@type\":\"WebSite\",\"@id\":\"https:\/\/www.signature-residence.com\/nl\/#website\",\"url\":\"https:\/\/www.signature-residence.com\/nl\/\",\"name\":\"Signature Residence SA\",\"description\":\"Our business is built on connectivity, and our local network of partners are ready to bring every wish, new and old, big and small, to fruition. Cape Town is ready for you and so is the team at Signature Residence SA.\",\"publisher\":{\"@id\":\"https:\/\/www.signature-residence.com\/nl\/#organization\"},\"potentialAction\":[{\"@type\":\"SearchAction\",\"target\":{\"@type\":\"EntryPoint\",\"urlTemplate\":\"https:\/\/www.signature-residence.com\/nl\/?s={search_term_string}\"},\"query-input\":{\"@type\":\"PropertyValueSpecification\",\"valueRequired\":true,\"valueName\":\"search_term_string\"}}],\"inLanguage\":\"nl-NL\"},{\"@type\":\"Organization\",\"@id\":\"https:\/\/www.signature-residence.com\/nl\/#organization\",\"name\":\"Signature Residence SA\",\"url\":\"https:\/\/www.signature-residence.com\/nl\/\",\"logo\":{\"@type\":\"ImageObject\",\"inLanguage\":\"nl-NL\",\"@id\":\"https:\/\/www.signature-residence.com\/nl\/#\/schema\/logo\/image\/\",\"url\":\"https:\/\/www.signature-residence.com\/wp-content\/uploads\/2022\/05\/logo_SignatureResidence.svg\",\"contentUrl\":\"https:\/\/www.signature-residence.com\/wp-content\/uploads\/2022\/05\/logo_SignatureResidence.svg\",\"width\":\"1024\",\"height\":\"1024\",\"caption\":\"Signature Residence SA\"},\"image\":{\"@id\":\"https:\/\/www.signature-residence.com\/nl\/#\/schema\/logo\/image\/\"},\"sameAs\":[\"https:\/\/www.facebook.com\/residencesa\",\"https:\/\/za.linkedin.com\/in\/hanber-leedo-b1b5a413a\"]}]}<\/script>\n<!-- \/ Yoast SEO plugin. -->","yoast_head_json":{"title":"Over ons - Signature Residence SA","robots":{"index":"index","follow":"follow","max-snippet":"max-snippet:-1","max-image-preview":"max-image-preview:large","max-video-preview":"max-video-preview:-1"},"canonical":"https:\/\/www.signature-residence.com\/nl\/over-ons\/","og_locale":"nl_NL","og_type":"article","og_title":"Over ons - Signature Residence SA","og_description":"[vc_row full_width=&#8221;stretch_row_content_no_spaces&#8221; full_height=&#8221;yes&#8221; columns_placement=&#8221;bottom&#8221; equal_height=&#8221;yes&#8221; content_placement=&#8221;middle&#8221; video_bg=&#8221;yes&#8221; video_bg_url=&#8221;https:\/\/www.youtube.com\/watch?v=oLb7ITzfhuo&#8221; el_id=&#8221;videoHead&#8221;][vc_column][\/vc_column][\/vc_row][vc_row][vc_column][vc_column_text] WELKOM BIJ SIGNATURE RESIDENCE SA Wij kunnen u helpen om meer te doen waar u van houdt. Of u nu exclusief wilt dineren aan de chef&#8217;s table in uw favoriete restaurants, VIP-tickets voor concerten, accommodatie, fietsen of een droomvakantie in Kaapstad voor u en uw gezin, [&hellip;]","og_url":"https:\/\/www.signature-residence.com\/nl\/over-ons\/","og_site_name":"Signature Residence SA","article_publisher":"https:\/\/www.facebook.com\/residencesa","article_modified_time":"2024-03-03T09:17:06+00:00","twitter_card":"summary_large_image","twitter_misc":{"Geschatte leestijd":"2 minuten"},"schema":{"@context":"https:\/\/schema.org","@graph":[{"@type":"WebPage","@id":"https:\/\/www.signature-residence.com\/nl\/over-ons\/","url":"https:\/\/www.signature-residence.com\/nl\/over-ons\/","name":"Over ons - Signature Residence SA","isPartOf":{"@id":"https:\/\/www.signature-residence.com\/nl\/#website"},"datePublished":"2022-07-03T07:26:04+00:00","dateModified":"2024-03-03T09:17:06+00:00","breadcrumb":{"@id":"https:\/\/www.signature-residence.com\/nl\/over-ons\/#breadcrumb"},"inLanguage":"nl-NL","potentialAction":[{"@type":"ReadAction","target":["https:\/\/www.signature-residence.com\/nl\/over-ons\/"]}]},{"@type":"BreadcrumbList","@id":"https:\/\/www.signature-residence.com\/nl\/over-ons\/#breadcrumb","itemListElement":[{"@type":"ListItem","position":1,"name":"Home","item":"https:\/\/www.signature-residence.com\/nl\/"},{"@type":"ListItem","position":2,"name":"Over ons"}]},{"@type":"WebSite","@id":"https:\/\/www.signature-residence.com\/nl\/#website","url":"https:\/\/www.signature-residence.com\/nl\/","name":"Signature Residence SA","description":"Our business is built on connectivity, and our local network of partners are ready to bring every wish, new and old, big and small, to fruition. Cape Town is ready for you and so is the team at Signature Residence SA.","publisher":{"@id":"https:\/\/www.signature-residence.com\/nl\/#organization"},"potentialAction":[{"@type":"SearchAction","target":{"@type":"EntryPoint","urlTemplate":"https:\/\/www.signature-residence.com\/nl\/?s={search_term_string}"},"query-input":{"@type":"PropertyValueSpecification","valueRequired":true,"valueName":"search_term_string"}}],"inLanguage":"nl-NL"},{"@type":"Organization","@id":"https:\/\/www.signature-residence.com\/nl\/#organization","name":"Signature Residence SA","url":"https:\/\/www.signature-residence.com\/nl\/","logo":{"@type":"ImageObject","inLanguage":"nl-NL","@id":"https:\/\/www.signature-residence.com\/nl\/#\/schema\/logo\/image\/","url":"https:\/\/www.signature-residence.com\/wp-content\/uploads\/2022\/05\/logo_SignatureResidence.svg","contentUrl":"https:\/\/www.signature-residence.com\/wp-content\/uploads\/2022\/05\/logo_SignatureResidence.svg","width":"1024","height":"1024","caption":"Signature Residence SA"},"image":{"@id":"https:\/\/www.signature-residence.com\/nl\/#\/schema\/logo\/image\/"},"sameAs":["https:\/\/www.facebook.com\/residencesa","https:\/\/za.linkedin.com\/in\/hanber-leedo-b1b5a413a"]}]}},"_links":{"self":[{"href":"https:\/\/www.signature-residence.com\/nl\/wp-json\/wp\/v2\/pages\/14582","targetHints":{"allow":["GET"]}}],"collection":[{"href":"https:\/\/www.signature-residence.com\/nl\/wp-json\/wp\/v2\/pages"}],"about":[{"href":"https:\/\/www.signature-residence.com\/nl\/wp-json\/wp\/v2\/types\/page"}],"author":[{"embeddable":true,"href":"https:\/\/www.signature-residence.com\/nl\/wp-json\/wp\/v2\/users\/1"}],"replies":[{"embeddable":true,"href":"https:\/\/www.signature-residence.com\/nl\/wp-json\/wp\/v2\/comments?post=14582"}],"version-history":[{"count":3,"href":"https:\/\/www.signature-residence.com\/nl\/wp-json\/wp\/v2\/pages\/14582\/revisions"}],"predecessor-version":[{"id":14589,"href":"https:\/\/www.signature-residence.com\/nl\/wp-json\/wp\/v2\/pages\/14582\/revisions\/14589"}],"wp:attachment":[{"href":"https:\/\/www.signature-residence.com\/nl\/wp-json\/wp\/v2\/media?parent=14582"}],"curies":[{"name":"wp","href":"https:\/\/api.w.org\/{rel}","templated":true}]}}