{"id":3663,"date":"2022-07-30T12:10:35","date_gmt":"2022-07-30T10:10:35","guid":{"rendered":"https:\/\/www.signature-residence.com\/vielen-dank-fuer-ihr-abonnement\/"},"modified":"2024-03-03T10:16:13","modified_gmt":"2024-03-03T08:16:13","slug":"vielen-dank-fuer-ihr-abonnement","status":"publish","type":"page","link":"https:\/\/www.signature-residence.com\/de\/vielen-dank-fuer-ihr-abonnement\/","title":{"rendered":"Vielen Dank f\u00fcr Ihr Abonnement"},"content":{"rendered":"<section class=\"wpb-content-wrapper\"><p>[vc_row css=&#8220;.vc_custom_1656830979644{padding-top: 3rem !important;}&#8220;][vc_column][vc_column_text]<\/p>\n<h1>Vielen Dank f\u00fcr Ihr Abonnement<\/h1>\n<p>[\/vc_column_text][\/vc_column][\/vc_row][vc_row full_width=&#8220;stretch_row&#8220; css=&#8220;.vc_custom_1656830858500{background-color: #eeeeee !important;}&#8220;][vc_column][vc_column_text]<\/p>\n<h3 style=\"text-align: center;\">Bitte pr\u00fcfen Sie Ihren Posteingang auf die Best\u00e4tigungs-E-Mail und klicken Sie auf die Schaltfl\u00e4che, um fortzufahren.<\/h3>\n<p>[\/vc_column_text][\/vc_column][\/vc_row]<\/p>\n<\/section>","protected":false},"excerpt":{"rendered":"<p>[vc_row css=&#8220;.vc_custom_1656830979644{padding-top: 3rem !important;}&#8220;][vc_column][vc_column_text] Vielen Dank f\u00fcr Ihr Abonnement [\/vc_column_text][\/vc_column][\/vc_row][vc_row full_width=&#8220;stretch_row&#8220; css=&#8220;.vc_custom_1656830858500{background-color: #eeeeee !important;}&#8220;][vc_column][vc_column_text] Bitte pr\u00fcfen Sie Ihren Posteingang auf die Best\u00e4tigungs-E-Mail und klicken Sie auf die Schaltfl\u00e4che, um fortzufahren. [\/vc_column_text][\/vc_column][\/vc_row]<\/p>\n","protected":false},"author":1,"featured_media":0,"parent":0,"menu_order":0,"comment_status":"closed","ping_status":"closed","template":"page-blank-with-container.php","meta":{"_acf_changed":false,"inline_featured_image":false,"footnotes":""},"class_list":["post-3663","page","type-page","status-publish","hentry"],"acf":[],"yoast_head":"<!-- This site is optimized with the Yoast SEO plugin v26.6 - https:\/\/yoast.com\/wordpress\/plugins\/seo\/ -->\n<title>Vielen Dank f\u00fcr Ihr Abonnement - Signature Residence SA<\/title>\n<meta name=\"robots\" content=\"index, follow, max-snippet:-1, max-image-preview:large, max-video-preview:-1\" \/>\n<link rel=\"canonical\" href=\"https:\/\/www.signature-residence.com\/de\/vielen-dank-fuer-ihr-abonnement\/\" \/>\n<meta property=\"og:locale\" content=\"de_DE\" \/>\n<meta property=\"og:type\" content=\"article\" \/>\n<meta property=\"og:title\" content=\"Vielen Dank f\u00fcr Ihr Abonnement - Signature Residence SA\" \/>\n<meta property=\"og:description\" content=\"[vc_row css=&#8220;.vc_custom_1656830979644{padding-top: 3rem !important;}&#8220;][vc_column][vc_column_text] Vielen Dank f\u00fcr Ihr Abonnement [\/vc_column_text][\/vc_column][\/vc_row][vc_row full_width=&#8220;stretch_row&#8220; css=&#8220;.vc_custom_1656830858500{background-color: #eeeeee !important;}&#8220;][vc_column][vc_column_text] Bitte pr\u00fcfen Sie Ihren Posteingang auf die Best\u00e4tigungs-E-Mail und klicken Sie auf die Schaltfl\u00e4che, um fortzufahren. [\/vc_column_text][\/vc_column][\/vc_row]\" \/>\n<meta property=\"og:url\" content=\"https:\/\/www.signature-residence.com\/de\/vielen-dank-fuer-ihr-abonnement\/\" \/>\n<meta property=\"og:site_name\" content=\"Signature Residence SA\" \/>\n<meta property=\"article:publisher\" content=\"https:\/\/www.facebook.com\/residencesa\" \/>\n<meta property=\"article:modified_time\" content=\"2024-03-03T08:16:13+00:00\" \/>\n<meta name=\"twitter:card\" content=\"summary_large_image\" \/>\n<script type=\"application\/ld+json\" class=\"yoast-schema-graph\">{\"@context\":\"https:\/\/schema.org\",\"@graph\":[{\"@type\":\"WebPage\",\"@id\":\"https:\/\/www.signature-residence.com\/de\/vielen-dank-fuer-ihr-abonnement\/\",\"url\":\"https:\/\/www.signature-residence.com\/de\/vielen-dank-fuer-ihr-abonnement\/\",\"name\":\"Vielen Dank f\u00fcr Ihr Abonnement - Signature Residence SA\",\"isPartOf\":{\"@id\":\"https:\/\/www.signature-residence.com\/de\/#website\"},\"datePublished\":\"2022-07-30T10:10:35+00:00\",\"dateModified\":\"2024-03-03T08:16:13+00:00\",\"breadcrumb\":{\"@id\":\"https:\/\/www.signature-residence.com\/de\/vielen-dank-fuer-ihr-abonnement\/#breadcrumb\"},\"inLanguage\":\"de\",\"potentialAction\":[{\"@type\":\"ReadAction\",\"target\":[\"https:\/\/www.signature-residence.com\/de\/vielen-dank-fuer-ihr-abonnement\/\"]}]},{\"@type\":\"BreadcrumbList\",\"@id\":\"https:\/\/www.signature-residence.com\/de\/vielen-dank-fuer-ihr-abonnement\/#breadcrumb\",\"itemListElement\":[{\"@type\":\"ListItem\",\"position\":1,\"name\":\"Home\",\"item\":\"https:\/\/www.signature-residence.com\/de\/startseite\/\"},{\"@type\":\"ListItem\",\"position\":2,\"name\":\"Vielen Dank f\u00fcr Ihr Abonnement\"}]},{\"@type\":\"WebSite\",\"@id\":\"https:\/\/www.signature-residence.com\/de\/#website\",\"url\":\"https:\/\/www.signature-residence.com\/de\/\",\"name\":\"Signature Residence SA\",\"description\":\"Our business is built on connectivity, and our local network of partners are ready to bring every wish, new and old, big and small, to fruition. Cape Town is ready for you and so is the team at Signature Residence SA.\",\"publisher\":{\"@id\":\"https:\/\/www.signature-residence.com\/de\/#organization\"},\"potentialAction\":[{\"@type\":\"SearchAction\",\"target\":{\"@type\":\"EntryPoint\",\"urlTemplate\":\"https:\/\/www.signature-residence.com\/de\/?s={search_term_string}\"},\"query-input\":{\"@type\":\"PropertyValueSpecification\",\"valueRequired\":true,\"valueName\":\"search_term_string\"}}],\"inLanguage\":\"de\"},{\"@type\":\"Organization\",\"@id\":\"https:\/\/www.signature-residence.com\/de\/#organization\",\"name\":\"Signature Residence SA\",\"url\":\"https:\/\/www.signature-residence.com\/de\/\",\"logo\":{\"@type\":\"ImageObject\",\"inLanguage\":\"de\",\"@id\":\"https:\/\/www.signature-residence.com\/de\/#\/schema\/logo\/image\/\",\"url\":\"https:\/\/www.signature-residence.com\/wp-content\/uploads\/2022\/05\/logo_SignatureResidence.svg\",\"contentUrl\":\"https:\/\/www.signature-residence.com\/wp-content\/uploads\/2022\/05\/logo_SignatureResidence.svg\",\"width\":\"1024\",\"height\":\"1024\",\"caption\":\"Signature Residence SA\"},\"image\":{\"@id\":\"https:\/\/www.signature-residence.com\/de\/#\/schema\/logo\/image\/\"},\"sameAs\":[\"https:\/\/www.facebook.com\/residencesa\",\"https:\/\/za.linkedin.com\/in\/hanber-leedo-b1b5a413a\"]}]}<\/script>\n<!-- \/ Yoast SEO plugin. -->","yoast_head_json":{"title":"Vielen Dank f\u00fcr Ihr Abonnement - Signature Residence SA","robots":{"index":"index","follow":"follow","max-snippet":"max-snippet:-1","max-image-preview":"max-image-preview:large","max-video-preview":"max-video-preview:-1"},"canonical":"https:\/\/www.signature-residence.com\/de\/vielen-dank-fuer-ihr-abonnement\/","og_locale":"de_DE","og_type":"article","og_title":"Vielen Dank f\u00fcr Ihr Abonnement - Signature Residence SA","og_description":"[vc_row css=&#8220;.vc_custom_1656830979644{padding-top: 3rem !important;}&#8220;][vc_column][vc_column_text] Vielen Dank f\u00fcr Ihr Abonnement [\/vc_column_text][\/vc_column][\/vc_row][vc_row full_width=&#8220;stretch_row&#8220; css=&#8220;.vc_custom_1656830858500{background-color: #eeeeee !important;}&#8220;][vc_column][vc_column_text] Bitte pr\u00fcfen Sie Ihren Posteingang auf die Best\u00e4tigungs-E-Mail und klicken Sie auf die Schaltfl\u00e4che, um fortzufahren. [\/vc_column_text][\/vc_column][\/vc_row]","og_url":"https:\/\/www.signature-residence.com\/de\/vielen-dank-fuer-ihr-abonnement\/","og_site_name":"Signature Residence SA","article_publisher":"https:\/\/www.facebook.com\/residencesa","article_modified_time":"2024-03-03T08:16:13+00:00","twitter_card":"summary_large_image","schema":{"@context":"https:\/\/schema.org","@graph":[{"@type":"WebPage","@id":"https:\/\/www.signature-residence.com\/de\/vielen-dank-fuer-ihr-abonnement\/","url":"https:\/\/www.signature-residence.com\/de\/vielen-dank-fuer-ihr-abonnement\/","name":"Vielen Dank f\u00fcr Ihr Abonnement - Signature Residence SA","isPartOf":{"@id":"https:\/\/www.signature-residence.com\/de\/#website"},"datePublished":"2022-07-30T10:10:35+00:00","dateModified":"2024-03-03T08:16:13+00:00","breadcrumb":{"@id":"https:\/\/www.signature-residence.com\/de\/vielen-dank-fuer-ihr-abonnement\/#breadcrumb"},"inLanguage":"de","potentialAction":[{"@type":"ReadAction","target":["https:\/\/www.signature-residence.com\/de\/vielen-dank-fuer-ihr-abonnement\/"]}]},{"@type":"BreadcrumbList","@id":"https:\/\/www.signature-residence.com\/de\/vielen-dank-fuer-ihr-abonnement\/#breadcrumb","itemListElement":[{"@type":"ListItem","position":1,"name":"Home","item":"https:\/\/www.signature-residence.com\/de\/startseite\/"},{"@type":"ListItem","position":2,"name":"Vielen Dank f\u00fcr Ihr Abonnement"}]},{"@type":"WebSite","@id":"https:\/\/www.signature-residence.com\/de\/#website","url":"https:\/\/www.signature-residence.com\/de\/","name":"Signature Residence SA","description":"Our business is built on connectivity, and our local network of partners are ready to bring every wish, new and old, big and small, to fruition. Cape Town is ready for you and so is the team at Signature Residence SA.","publisher":{"@id":"https:\/\/www.signature-residence.com\/de\/#organization"},"potentialAction":[{"@type":"SearchAction","target":{"@type":"EntryPoint","urlTemplate":"https:\/\/www.signature-residence.com\/de\/?s={search_term_string}"},"query-input":{"@type":"PropertyValueSpecification","valueRequired":true,"valueName":"search_term_string"}}],"inLanguage":"de"},{"@type":"Organization","@id":"https:\/\/www.signature-residence.com\/de\/#organization","name":"Signature Residence SA","url":"https:\/\/www.signature-residence.com\/de\/","logo":{"@type":"ImageObject","inLanguage":"de","@id":"https:\/\/www.signature-residence.com\/de\/#\/schema\/logo\/image\/","url":"https:\/\/www.signature-residence.com\/wp-content\/uploads\/2022\/05\/logo_SignatureResidence.svg","contentUrl":"https:\/\/www.signature-residence.com\/wp-content\/uploads\/2022\/05\/logo_SignatureResidence.svg","width":"1024","height":"1024","caption":"Signature Residence SA"},"image":{"@id":"https:\/\/www.signature-residence.com\/de\/#\/schema\/logo\/image\/"},"sameAs":["https:\/\/www.facebook.com\/residencesa","https:\/\/za.linkedin.com\/in\/hanber-leedo-b1b5a413a"]}]}},"_links":{"self":[{"href":"https:\/\/www.signature-residence.com\/de\/wp-json\/wp\/v2\/pages\/3663","targetHints":{"allow":["GET"]}}],"collection":[{"href":"https:\/\/www.signature-residence.com\/de\/wp-json\/wp\/v2\/pages"}],"about":[{"href":"https:\/\/www.signature-residence.com\/de\/wp-json\/wp\/v2\/types\/page"}],"author":[{"embeddable":true,"href":"https:\/\/www.signature-residence.com\/de\/wp-json\/wp\/v2\/users\/1"}],"replies":[{"embeddable":true,"href":"https:\/\/www.signature-residence.com\/de\/wp-json\/wp\/v2\/comments?post=3663"}],"version-history":[{"count":1,"href":"https:\/\/www.signature-residence.com\/de\/wp-json\/wp\/v2\/pages\/3663\/revisions"}],"predecessor-version":[{"id":3666,"href":"https:\/\/www.signature-residence.com\/de\/wp-json\/wp\/v2\/pages\/3663\/revisions\/3666"}],"wp:attachment":[{"href":"https:\/\/www.signature-residence.com\/de\/wp-json\/wp\/v2\/media?parent=3663"}],"curies":[{"name":"wp","href":"https:\/\/api.w.org\/{rel}","templated":true}]}}