{"id":3659,"date":"2022-08-20T13:07:22","date_gmt":"2022-08-20T11:07:22","guid":{"rendered":"https:\/\/www.signature-residence.com\/cookie-richtlinie\/"},"modified":"2024-08-21T11:20:52","modified_gmt":"2024-08-21T09:20:52","slug":"cookie-richtlinie","status":"publish","type":"page","link":"https:\/\/www.signature-residence.com\/de\/cookie-richtlinie\/","title":{"rendered":"Cookie-Richtlinie"},"content":{"rendered":"<section class=\"wpb-content-wrapper\"><p>[vc_row][vc_column][vc_row_inner][vc_column_inner][vc_column_text]<\/p>\n<h1 style=\"text-align: center;\">Cookie-Richtlinie<\/h1>\n<p>[\/vc_column_text][\/vc_column_inner][\/vc_row_inner][vc_column_text]<\/p>\n<h3>\u00dcber diese Cookie-Richtlinie<\/h3>\n<p>Diese Cookie-Richtlinie erkl\u00e4rt, was Cookies sind und wie wir sie verwenden, welche Arten von Cookies wir verwenden, welche Informationen wir mit Hilfe von Cookies sammeln und wie diese Informationen verwendet werden, und wie Sie die Cookie-Einstellungen kontrollieren k\u00f6nnen. Weitere Informationen dar\u00fcber, wie wir Ihre pers\u00f6nlichen Daten verwenden, speichern und sicher aufbewahren, finden Sie in unserer Datenschutzrichtlinie.<\/p>\n<p>Sie k\u00f6nnen Ihre Zustimmung jederzeit in der Cookie-Erkl\u00e4rung auf unserer Website \u00e4ndern oder widerrufen<\/p>\n<p>Erfahren Sie mehr dar\u00fcber, wer wir sind, wie Sie uns kontaktieren k\u00f6nnen und wie wir pers\u00f6nliche Daten verarbeiten, in unserer <a href=\"https:\/\/www.signature-residence.com\/de\/datenschutzbestimmungen\/\">Datenschutzerkl\u00e4rung<\/a>.<\/p>\n<p>Ihr Einverst\u00e4ndnis gilt f\u00fcr die folgenden Domains: https:\/\/www.signature-residence.com\/<\/p>\n<p>&nbsp;[\/vc_column_text][\/vc_column][\/vc_row][vc_row][vc_column][vc_column_text][\/vc_column_text][vc_column_text]<\/p>\n<h3>Was sind Cookies?<\/h3>\n<p>Cookies sind kleine Textdateien, die dazu dienen, kleine Informationen zu speichern. Sie werden auf Ihrem Ger\u00e4t gespeichert, wenn die Website in Ihrem Browser geladen wird. Diese Cookies helfen uns, die Website ordnungsgem\u00e4\u00df zu betreiben, sie sicherer zu machen, eine bessere Benutzererfahrung zu bieten und zu verstehen, wie die Website funktioniert, um zu analysieren, was funktioniert und wo sie verbessert werden muss.[\/vc_column_text][\/vc_column][\/vc_row][vc_row][vc_column][vc_column_text][\/vc_column_text][vc_column_text]<\/p>\n<h3>Wie verwenden wir Cookies?<\/h3>\n<p>Wie die meisten Online-Dienste verwendet auch unsere Website Erstanbieter- und Drittanbieter-Cookies f\u00fcr verschiedene Zwecke. Erstanbieter-Cookies sind meist notwendig, damit die Website richtig funktioniert, und sie erfassen keine personenbezogenen Daten.<\/p>\n<p>Die Cookies von Drittanbietern, die auf unserer Website verwendet werden, dienen haupts\u00e4chlich dazu, zu verstehen, wie die Website funktioniert, wie Sie mit unserer Website interagieren, unsere Dienste sicher zu halten, Ihnen f\u00fcr Sie relevante Werbung bereitzustellen und Ihnen insgesamt eine bessere und verbesserte Benutzererfahrung zu bieten und Ihre zuk\u00fcnftigen Interaktionen mit unserer Website zu beschleunigen.[\/vc_column_text][\/vc_column][\/vc_row][vc_row][vc_column][vc_column_text][\/vc_column_text][vc_column_text]<\/p>\n<h3>Welche Arten von Cookies verwenden wir?<\/h3>\n<p><strong>Unverzichtbar<\/strong>: Einige Cookies sind unerl\u00e4sslich, damit Sie die volle Funktionalit\u00e4t unserer Website nutzen k\u00f6nnen. Sie erm\u00f6glichen es uns, Benutzersitzungen aufrechtzuerhalten und Sicherheitsbedrohungen zu verhindern. Sie sammeln und speichern keine pers\u00f6nlichen Daten. Diese Cookies erm\u00f6glichen es Ihnen zum Beispiel, sich bei Ihrem Konto anzumelden, Produkte in Ihren Warenkorb zu legen und sicher zur Kasse zu gehen.<\/p>\n<p><strong>Statistik<\/strong>: Diese Cookies speichern Informationen wie die Anzahl der Besucher der Website, die Anzahl der eindeutigen Besucher, welche Seiten der Website besucht wurden, die Quelle des Besuchs usw. Diese Daten helfen uns zu verstehen und zu analysieren, wie gut die Website funktioniert und wo sie verbessert werden muss.<\/p>\n<p><strong>Marketing<\/strong>: Auf unserer Website wird Werbung angezeigt. Diese Cookies werden verwendet, um die Werbung, die wir Ihnen zeigen, so zu personalisieren, dass sie f\u00fcr Sie sinnvoll ist. Diese Cookies helfen uns auch dabei, die Effizienz dieser Werbekampagnen zu verfolgen.<\/p>\n<p>Die in diesen Cookies gespeicherten Informationen k\u00f6nnen auch von Drittanbietern verwendet werden, um Ihnen Werbung auf anderen Websites im Browser anzuzeigen.<\/p>\n<p><strong>Funktional<\/strong>: Dies sind die Cookies, die bestimmte nicht essentielle Funktionen auf unserer Website unterst\u00fctzen. Zu diesen Funktionen geh\u00f6ren das Einbetten von Inhalten wie Videos oder das Teilen von Inhalten der Website auf sozialen Medienplattformen.<\/p>\n<p><strong>Pr\u00e4ferenzen<\/strong>: Diese Cookies helfen uns, Ihre Einstellungen und Browsing-Pr\u00e4ferenzen, wie z.B. die bevorzugte Sprache, zu speichern, damit Sie bei zuk\u00fcnftigen Besuchen der Website eine bessere und effizientere Erfahrung machen k\u00f6nnen.[\/vc_column_text][\/vc_column][\/vc_row][vc_row][vc_column][vc_raw_html]PGRpdiBjbGFzcz0iY2t5LWF1ZGl0LXRhYmxlLWVsZW1lbnQiPjwvZGl2Pg==[\/vc_raw_html][vc_column_text][\/vc_column_text][vc_column_text]<\/p>\n<h3>Wie kann ich die Cookie-Einstellungen kontrollieren?<\/h3>\n<p>Sollten Sie sich entscheiden, Ihre Einstellungen zu einem sp\u00e4teren Zeitpunkt zu \u00e4ndern, k\u00f6nnen Sie auf den Link &#8222;Zustimmung verwalten&#8220; oben auf dieser Seite klicken. Daraufhin wird der Hinweis auf die Einwilligung erneut angezeigt, so dass Sie Ihre Einstellungen \u00e4ndern oder Ihre Einwilligung vollst\u00e4ndig widerrufen k\u00f6nnen.<\/p>\n<p><a class=\"cky-banner-element\">Cookie-Einstellungen<\/a><\/p>\n<p>Dar\u00fcber hinaus bieten verschiedene Browser unterschiedliche Methoden zum Blockieren und L\u00f6schen von Cookies, die von Websites verwendet werden. Sie k\u00f6nnen die Einstellungen Ihres Browsers \u00e4ndern, um die Cookies zu blockieren\/l\u00f6schen. Um mehr dar\u00fcber zu erfahren, wie Sie Cookies verwalten und l\u00f6schen k\u00f6nnen, besuchen Sie wikipedia.org, www.allaboutcookies.org.[\/vc_column_text][\/vc_column][\/vc_row]<\/p>\n<\/section>","protected":false},"excerpt":{"rendered":"<p>[vc_row][vc_column][vc_row_inner][vc_column_inner][vc_column_text] Cookie-Richtlinie [\/vc_column_text][\/vc_column_inner][\/vc_row_inner][vc_column_text] \u00dcber diese Cookie-Richtlinie Diese Cookie-Richtlinie erkl\u00e4rt, was Cookies sind und wie wir sie verwenden, welche Arten von Cookies wir verwenden, welche Informationen wir mit Hilfe von Cookies sammeln und wie diese Informationen verwendet werden, und wie Sie die Cookie-Einstellungen kontrollieren k\u00f6nnen. Weitere Informationen dar\u00fcber, wie wir Ihre pers\u00f6nlichen Daten verwenden, speichern und [&hellip;]<\/p>\n","protected":false},"author":1,"featured_media":0,"parent":0,"menu_order":0,"comment_status":"closed","ping_status":"closed","template":"page-blank-with-container.php","meta":{"_acf_changed":false,"inline_featured_image":false,"footnotes":""},"class_list":["post-3659","page","type-page","status-publish","hentry"],"acf":[],"yoast_head":"<!-- This site is optimized with the Yoast SEO plugin v26.6 - https:\/\/yoast.com\/wordpress\/plugins\/seo\/ -->\n<title>Cookie-Richtlinie - Signature Residence SA<\/title>\n<meta name=\"robots\" content=\"index, follow, max-snippet:-1, max-image-preview:large, max-video-preview:-1\" \/>\n<link rel=\"canonical\" href=\"https:\/\/www.signature-residence.com\/de\/cookie-richtlinie\/\" \/>\n<meta property=\"og:locale\" content=\"de_DE\" \/>\n<meta property=\"og:type\" content=\"article\" \/>\n<meta property=\"og:title\" content=\"Cookie-Richtlinie - Signature Residence SA\" \/>\n<meta property=\"og:description\" content=\"[vc_row][vc_column][vc_row_inner][vc_column_inner][vc_column_text] Cookie-Richtlinie [\/vc_column_text][\/vc_column_inner][\/vc_row_inner][vc_column_text] \u00dcber diese Cookie-Richtlinie Diese Cookie-Richtlinie erkl\u00e4rt, was Cookies sind und wie wir sie verwenden, welche Arten von Cookies wir verwenden, welche Informationen wir mit Hilfe von Cookies sammeln und wie diese Informationen verwendet werden, und wie Sie die Cookie-Einstellungen kontrollieren k\u00f6nnen. Weitere Informationen dar\u00fcber, wie wir Ihre pers\u00f6nlichen Daten verwenden, speichern und [&hellip;]\" \/>\n<meta property=\"og:url\" content=\"https:\/\/www.signature-residence.com\/de\/cookie-richtlinie\/\" \/>\n<meta property=\"og:site_name\" content=\"Signature Residence SA\" \/>\n<meta property=\"article:publisher\" content=\"https:\/\/www.facebook.com\/residencesa\" \/>\n<meta property=\"article:modified_time\" content=\"2024-08-21T09:20:52+00:00\" \/>\n<meta name=\"twitter:card\" content=\"summary_large_image\" \/>\n<meta name=\"twitter:label1\" content=\"Gesch\u00e4tzte Lesezeit\" \/>\n\t<meta name=\"twitter:data1\" content=\"4\u00a0Minuten\" \/>\n<script type=\"application\/ld+json\" class=\"yoast-schema-graph\">{\"@context\":\"https:\/\/schema.org\",\"@graph\":[{\"@type\":\"WebPage\",\"@id\":\"https:\/\/www.signature-residence.com\/de\/cookie-richtlinie\/\",\"url\":\"https:\/\/www.signature-residence.com\/de\/cookie-richtlinie\/\",\"name\":\"Cookie-Richtlinie - Signature Residence SA\",\"isPartOf\":{\"@id\":\"https:\/\/www.signature-residence.com\/de\/#website\"},\"datePublished\":\"2022-08-20T11:07:22+00:00\",\"dateModified\":\"2024-08-21T09:20:52+00:00\",\"breadcrumb\":{\"@id\":\"https:\/\/www.signature-residence.com\/de\/cookie-richtlinie\/#breadcrumb\"},\"inLanguage\":\"de\",\"potentialAction\":[{\"@type\":\"ReadAction\",\"target\":[\"https:\/\/www.signature-residence.com\/de\/cookie-richtlinie\/\"]}]},{\"@type\":\"BreadcrumbList\",\"@id\":\"https:\/\/www.signature-residence.com\/de\/cookie-richtlinie\/#breadcrumb\",\"itemListElement\":[{\"@type\":\"ListItem\",\"position\":1,\"name\":\"Home\",\"item\":\"https:\/\/www.signature-residence.com\/de\/startseite\/\"},{\"@type\":\"ListItem\",\"position\":2,\"name\":\"Cookie-Richtlinie\"}]},{\"@type\":\"WebSite\",\"@id\":\"https:\/\/www.signature-residence.com\/de\/#website\",\"url\":\"https:\/\/www.signature-residence.com\/de\/\",\"name\":\"Signature Residence SA\",\"description\":\"Our business is built on connectivity, and our local network of partners are ready to bring every wish, new and old, big and small, to fruition. Cape Town is ready for you and so is the team at Signature Residence SA.\",\"publisher\":{\"@id\":\"https:\/\/www.signature-residence.com\/de\/#organization\"},\"potentialAction\":[{\"@type\":\"SearchAction\",\"target\":{\"@type\":\"EntryPoint\",\"urlTemplate\":\"https:\/\/www.signature-residence.com\/de\/?s={search_term_string}\"},\"query-input\":{\"@type\":\"PropertyValueSpecification\",\"valueRequired\":true,\"valueName\":\"search_term_string\"}}],\"inLanguage\":\"de\"},{\"@type\":\"Organization\",\"@id\":\"https:\/\/www.signature-residence.com\/de\/#organization\",\"name\":\"Signature Residence SA\",\"url\":\"https:\/\/www.signature-residence.com\/de\/\",\"logo\":{\"@type\":\"ImageObject\",\"inLanguage\":\"de\",\"@id\":\"https:\/\/www.signature-residence.com\/de\/#\/schema\/logo\/image\/\",\"url\":\"https:\/\/www.signature-residence.com\/wp-content\/uploads\/2022\/05\/logo_SignatureResidence.svg\",\"contentUrl\":\"https:\/\/www.signature-residence.com\/wp-content\/uploads\/2022\/05\/logo_SignatureResidence.svg\",\"width\":\"1024\",\"height\":\"1024\",\"caption\":\"Signature Residence SA\"},\"image\":{\"@id\":\"https:\/\/www.signature-residence.com\/de\/#\/schema\/logo\/image\/\"},\"sameAs\":[\"https:\/\/www.facebook.com\/residencesa\",\"https:\/\/za.linkedin.com\/in\/hanber-leedo-b1b5a413a\"]}]}<\/script>\n<!-- \/ Yoast SEO plugin. -->","yoast_head_json":{"title":"Cookie-Richtlinie - Signature Residence SA","robots":{"index":"index","follow":"follow","max-snippet":"max-snippet:-1","max-image-preview":"max-image-preview:large","max-video-preview":"max-video-preview:-1"},"canonical":"https:\/\/www.signature-residence.com\/de\/cookie-richtlinie\/","og_locale":"de_DE","og_type":"article","og_title":"Cookie-Richtlinie - Signature Residence SA","og_description":"[vc_row][vc_column][vc_row_inner][vc_column_inner][vc_column_text] Cookie-Richtlinie [\/vc_column_text][\/vc_column_inner][\/vc_row_inner][vc_column_text] \u00dcber diese Cookie-Richtlinie Diese Cookie-Richtlinie erkl\u00e4rt, was Cookies sind und wie wir sie verwenden, welche Arten von Cookies wir verwenden, welche Informationen wir mit Hilfe von Cookies sammeln und wie diese Informationen verwendet werden, und wie Sie die Cookie-Einstellungen kontrollieren k\u00f6nnen. Weitere Informationen dar\u00fcber, wie wir Ihre pers\u00f6nlichen Daten verwenden, speichern und [&hellip;]","og_url":"https:\/\/www.signature-residence.com\/de\/cookie-richtlinie\/","og_site_name":"Signature Residence SA","article_publisher":"https:\/\/www.facebook.com\/residencesa","article_modified_time":"2024-08-21T09:20:52+00:00","twitter_card":"summary_large_image","twitter_misc":{"Gesch\u00e4tzte Lesezeit":"4\u00a0Minuten"},"schema":{"@context":"https:\/\/schema.org","@graph":[{"@type":"WebPage","@id":"https:\/\/www.signature-residence.com\/de\/cookie-richtlinie\/","url":"https:\/\/www.signature-residence.com\/de\/cookie-richtlinie\/","name":"Cookie-Richtlinie - Signature Residence SA","isPartOf":{"@id":"https:\/\/www.signature-residence.com\/de\/#website"},"datePublished":"2022-08-20T11:07:22+00:00","dateModified":"2024-08-21T09:20:52+00:00","breadcrumb":{"@id":"https:\/\/www.signature-residence.com\/de\/cookie-richtlinie\/#breadcrumb"},"inLanguage":"de","potentialAction":[{"@type":"ReadAction","target":["https:\/\/www.signature-residence.com\/de\/cookie-richtlinie\/"]}]},{"@type":"BreadcrumbList","@id":"https:\/\/www.signature-residence.com\/de\/cookie-richtlinie\/#breadcrumb","itemListElement":[{"@type":"ListItem","position":1,"name":"Home","item":"https:\/\/www.signature-residence.com\/de\/startseite\/"},{"@type":"ListItem","position":2,"name":"Cookie-Richtlinie"}]},{"@type":"WebSite","@id":"https:\/\/www.signature-residence.com\/de\/#website","url":"https:\/\/www.signature-residence.com\/de\/","name":"Signature Residence SA","description":"Our business is built on connectivity, and our local network of partners are ready to bring every wish, new and old, big and small, to fruition. Cape Town is ready for you and so is the team at Signature Residence SA.","publisher":{"@id":"https:\/\/www.signature-residence.com\/de\/#organization"},"potentialAction":[{"@type":"SearchAction","target":{"@type":"EntryPoint","urlTemplate":"https:\/\/www.signature-residence.com\/de\/?s={search_term_string}"},"query-input":{"@type":"PropertyValueSpecification","valueRequired":true,"valueName":"search_term_string"}}],"inLanguage":"de"},{"@type":"Organization","@id":"https:\/\/www.signature-residence.com\/de\/#organization","name":"Signature Residence SA","url":"https:\/\/www.signature-residence.com\/de\/","logo":{"@type":"ImageObject","inLanguage":"de","@id":"https:\/\/www.signature-residence.com\/de\/#\/schema\/logo\/image\/","url":"https:\/\/www.signature-residence.com\/wp-content\/uploads\/2022\/05\/logo_SignatureResidence.svg","contentUrl":"https:\/\/www.signature-residence.com\/wp-content\/uploads\/2022\/05\/logo_SignatureResidence.svg","width":"1024","height":"1024","caption":"Signature Residence SA"},"image":{"@id":"https:\/\/www.signature-residence.com\/de\/#\/schema\/logo\/image\/"},"sameAs":["https:\/\/www.facebook.com\/residencesa","https:\/\/za.linkedin.com\/in\/hanber-leedo-b1b5a413a"]}]}},"_links":{"self":[{"href":"https:\/\/www.signature-residence.com\/de\/wp-json\/wp\/v2\/pages\/3659","targetHints":{"allow":["GET"]}}],"collection":[{"href":"https:\/\/www.signature-residence.com\/de\/wp-json\/wp\/v2\/pages"}],"about":[{"href":"https:\/\/www.signature-residence.com\/de\/wp-json\/wp\/v2\/types\/page"}],"author":[{"embeddable":true,"href":"https:\/\/www.signature-residence.com\/de\/wp-json\/wp\/v2\/users\/1"}],"replies":[{"embeddable":true,"href":"https:\/\/www.signature-residence.com\/de\/wp-json\/wp\/v2\/comments?post=3659"}],"version-history":[{"count":3,"href":"https:\/\/www.signature-residence.com\/de\/wp-json\/wp\/v2\/pages\/3659\/revisions"}],"predecessor-version":[{"id":19429,"href":"https:\/\/www.signature-residence.com\/de\/wp-json\/wp\/v2\/pages\/3659\/revisions\/19429"}],"wp:attachment":[{"href":"https:\/\/www.signature-residence.com\/de\/wp-json\/wp\/v2\/media?parent=3659"}],"curies":[{"name":"wp","href":"https:\/\/api.w.org\/{rel}","templated":true}]}}