{"id":3639,"date":"2022-07-03T09:26:04","date_gmt":"2022-07-03T07:26:04","guid":{"rendered":"https:\/\/www.signature-residence.com\/ueber-uns\/"},"modified":"2024-03-03T10:16:12","modified_gmt":"2024-03-03T08:16:12","slug":"ueber-uns","status":"publish","type":"page","link":"https:\/\/www.signature-residence.com\/de\/ueber-uns\/","title":{"rendered":"\u00dcber uns"},"content":{"rendered":"<section class=\"wpb-content-wrapper\"><p>[vc_row full_width=&#8220;stretch_row_content_no_spaces&#8220; full_height=&#8220;yes&#8220; columns_placement=&#8220;bottom&#8220; equal_height=&#8220;yes&#8220; content_placement=&#8220;middle&#8220; video_bg=&#8220;yes&#8220; video_bg_url=&#8220;https:\/\/www.youtube.com\/watch?v=oLb7ITzfhuo&#8220; el_id=&#8220;videoKopf&#8220;][vc_column][\/vc_column][\/vc_row][vc_row][vc_column][vc_column_text]<\/p>\n<h1 style=\"text-align: center;\">WILLKOMMEN IN DER SIGNATURE RESIDENCE SA<\/h1>\n<h2>Wir k\u00f6nnen Ihnen helfen, mehr von dem zu tun, was Sie lieben. Ganz gleich, ob Sie einen exklusiven Tisch in Ihrem Lieblingsrestaurant, VIP-Konzertpl\u00e4tze, eine Unterkunft, eine Radtour oder einen Traumurlaub in Kapstadt f\u00fcr Sie und Ihre Familie w\u00fcnschen &#8211; wir sind hier, um Sie mit den Dingen zu verbinden, die Ihnen am meisten Spa\u00df machen. Unser Gesch\u00e4ft basiert auf Konnektivit\u00e4t, und unser lokales Netzwerk von Partnern ist bereit, jeden Wunsch, ob neu oder alt, ob gro\u00df oder klein, zu verwirklichen. Kapstadt ist bereit f\u00fcr Sie und das Team von Signature Residence SA auch.<\/h2>\n<p>[\/vc_column_text][\/vc_column][\/vc_row][vc_row full_width=&#8220;stretch_row_content_no_spaces&#8220; equal_height=&#8220;yes&#8220;][vc_column width=&#8220;1\/2&#8243;][vc_single_image image=&#8220;657&#8243; img_size=&#8220;full&#8220; alignment=&#8220;right&#8220; onclick=&#8220;zoom&#8220;][\/vc_column][vc_column width=&#8220;1\/2&#8243; css=&#8220;.vc_custom_1656834385892{background-color: #eeeeee !important;}&#8220;][vc_column_text el_class=&#8220;about-hanber&#8220; css=&#8220;.vc_custom_1658915759107{padding-right: 20px !important;padding-bottom: 20px !important;padding-left: 20px !important;}&#8220;]<\/p>\n<h3>TREFFEN SIE UNSEREN CEO &#8211; HANBER LEEDO<\/h3>\n<p class=\"paragraph text-start\">Als eines der bevorzugten Unterkunfts- und Concierge-Unternehmen in Kapstadt wurde Signature Residence SA im Jahr 2019 von Hanber Leedo gegr\u00fcndet. Sein Ziel war es, einen Luxus-Concierge-Service zu schaffen, der seiner Meinung nach nicht ausreichend vorhanden war &#8211; einen professionellen Concierge-Service, der privilegierten Zugang zum feinsten Luxus-Lifestyle bietet, ohne gro\u00dfen Aufwand, und der sein Versprechen an alle internationalen Touristen, die Kapstadt besuchen, einh\u00e4lt.<\/p>\n<p class=\"paragraph text-start\">Seitdem hat sich Signature Residence SA von einer einfachen G\u00e4steliste zu einem exklusiven Full-Service-Concierge entwickelt, der sich auf alle Aspekte von VIP-Unterhaltung und -Reisen in Kapstadt spezialisiert hat. Dazu geh\u00f6ren vor allem Unterk\u00fcnfte, Fahrradverleih, Restaurantreservierungen, Privatjet-Charter, Hubschrauberfl\u00fcge und alles, was einen Traumurlaub in Kapstadt m\u00f6glich macht.<\/p>\n<p>[\/vc_column_text][vc_btn title=&#8220;KONTAKT MICH&#8220; style=&#8220;flat&#8220; shape=&#8220;square&#8220; color=&#8220;black&#8220; size=&#8220;lg&#8220; link=&#8220;url:https%3A%2F%2Fsign.hostdev.co.za%2Fde%2Fbuchungen%2F|title:Buchungen|&#8220; css=&#8220;.vc_custom_1656835351160{padding-left: 20px !important;}&#8220; el_class=&#8220;btn-wp-secondary&#8220;][\/vc_column][\/vc_row][vc_row][vc_column css=&#8220;.vc_custom_1656843796106{padding-bottom: 50px !important;}&#8220;][vc_separator]<div class=\"category-slider\">\n\t\t\t\t<div class=\"col\">\n\t\t\t\t\t<div class=\"cat-image\" style=\"background-image: url(https:\/\/www.signature-residence.com\/wp-content\/uploads\/2022\/07\/8c5b1bb3-e6d6-4c9b-a2be-218847e2fd3b.jpg\"><\/div>\n\t\t\t\t\t<div class=\"cat-body\">\n\t\t\t\t\t\t<p class=\"category-name\">Fahrradverleih<\/p>\n\t\t\t\t\t\t<p class=\"category-description\">Mit mehr als 100 R\u00e4dern zur Auswahl finden Sie sicher Ihr perfektes Rennrad oder Mountainbike aus unserer Auswahl. Lassen Sie uns Ihr Fahrrad in Ihrem Hotel f\u00fcr Sie abstellen.<\/p>\n\t\t\t\t\t<\/div>\t\t\n\t\t\t\t\t<a href=\"https:\/\/www.signature-residence.com\/de\/bicycle-hire\/\" class=\"btn btn-primary\">Jetzt buchen<\/a>\n\t\t\t\t<\/div>\n\t\t\t\n\t\t\t\n\t\t\t\t<div class=\"col\">\n\t\t\t\t\t<div class=\"cat-image\" style=\"background-image: url(https:\/\/www.signature-residence.com\/wp-content\/uploads\/2022\/05\/cat_house.jpg\"><\/div>\n\t\t\t\t\t<div class=\"cat-body\">\n\t\t\t\t\t\t<p class=\"category-name\">Unterkunft<\/p>\n\t\t\t\t\t\t<p class=\"category-description\">Wir pr\u00e4sentieren Ihnen die besten handverlesenen Luxusimmobilien in ganz Kapstadt. Zu den Immobilien geh\u00f6ren Luxusvillen, Hotels, Pensionen und Apartments zur Selbstverpflegung.<\/p>\n\t\t\t\t\t<\/div>\t\t\n\t\t\t\t\t<a href=\"https:\/\/www.signature-residence.com\/de\/accommodation\/\" class=\"btn btn-primary\">Jetzt buchen<\/a>\n\t\t\t\t<\/div>\n\t\t\t\n\t\t\t\n\t\t\t\t<div class=\"col\">\n\t\t\t\t\t<div class=\"cat-image\" style=\"background-image: url(https:\/\/www.signature-residence.com\/wp-content\/uploads\/2022\/07\/shutterstock_117302320.jpg\"><\/div>\n\t\t\t\t\t<div class=\"cat-body\">\n\t\t\t\t\t\t<p class=\"category-name\">Concierge<\/p>\n\t\t\t\t\t\t<p class=\"category-description\">Signature Residence SA bietet ein umfangreiches Angebot an luxuri\u00f6sen Concierge-Services. Von Restaurantreservierungen bis hin zu Privatjet-Charter \u2013 wir erledigen alles.<\/p>\n\t\t\t\t\t<\/div>\t\t\n\t\t\t\t\t<a href=\"https:\/\/www.signature-residence.com\/de\/concierge\/\" class=\"btn btn-primary\">Jetzt buchen<\/a>\n\t\t\t\t<\/div>\n\t\t\t\n\t\t\t\n\t\t\t\t<div class=\"col\">\n\t\t\t\t\t<div class=\"cat-image\" style=\"background-image: url(https:\/\/www.signature-residence.com\/wp-content\/uploads\/2022\/08\/mercedes-c-klasse-limousine-2021_optim.jpeg\"><\/div>\n\t\t\t\t\t<div class=\"cat-body\">\n\t\t\t\t\t\t<p class=\"category-name\">Autovermietung<\/p>\n\t\t\t\t\t\t<p class=\"category-description\">Mieten Sie ein Fahrzeug \u00fcber Signature Residence SA. Unsere Fahrzeuge umfassen Supersportwagen, Limousinen, Gel\u00e4ndewagen und Personentransporter<\/p>\n\t\t\t\t\t<\/div>\t\t\n\t\t\t\t\t<a href=\"https:\/\/www.signature-residence.com\/de\/car-hire\/\" class=\"btn btn-primary\">Jetzt buchen<\/a>\n\t\t\t\t<\/div>\n\t\t\t\n\t\t\t\n\t\t\t\t<div class=\"col\">\n\t\t\t\t\t<div class=\"cat-image\" style=\"background-image: url(https:\/\/www.signature-residence.com\/wp-content\/uploads\/2022\/08\/Stel-1_optim.jpg\"><\/div>\n\t\t\t\t\t<div class=\"cat-body\">\n\t\t\t\t\t\t<p class=\"category-name\">Tour-Pakete<\/p>\n\t\t\t\t\t\t<p class=\"category-description\">Sehen Sie sich unsere Tagestour-Pakete an, die Sie durch Kapstadt f\u00fchren. Lehnen Sie sich zur\u00fcck, entspannen Sie sich und genie\u00dfen Sie alles, von Walbeobachtungstouren bis hin zu einer Tour auf der Kaphalbinsel.<\/p>\n\t\t\t\t\t<\/div>\t\t\n\t\t\t\t\t<a href=\"https:\/\/www.signature-residence.com\/de\/tour-packages\/\" class=\"btn btn-primary\">Jetzt buchen<\/a>\n\t\t\t\t<\/div>\n\t\t\t\n\t\t\t\n\t\t\t\t<div class=\"col\">\n\t\t\t\t\t<div class=\"cat-image\" style=\"background-image: url(https:\/\/www.signature-residence.com\/wp-content\/uploads\/2022\/11\/shark-cage-diving-from-cape-town-shark-zone-cape-town.jpg\"><\/div>\n\t\t\t\t\t<div class=\"cat-body\">\n\t\t\t\t\t\t<p class=\"category-name\">Erlebnisse<\/p>\n\t\t\t\t\t\t<p class=\"category-description\">Kapstadt hat in Bezug auf Outdoor-Aktivit\u00e4ten und Erlebnisse so viel zu bieten. Sehen Sie sich die wichtigsten Aktivit\u00e4ten an, die Kapstadt zu bieten hat, und buchen Sie noch heute bei uns.<\/p>\n\t\t\t\t\t<\/div>\t\t\n\t\t\t\t\t<a href=\"https:\/\/www.signature-residence.com\/de\/experiences\/\" class=\"btn btn-primary\">Jetzt buchen<\/a>\n\t\t\t\t<\/div>\n\t\t\t\n\t\t\t<\/div>[\/vc_column][vc_column][\/vc_column][vc_column][\/vc_column][\/vc_row][vc_row][vc_column][\/vc_column][\/vc_row]<\/p>\n<\/section>","protected":false},"excerpt":{"rendered":"<p>[vc_row full_width=&#8220;stretch_row_content_no_spaces&#8220; full_height=&#8220;yes&#8220; columns_placement=&#8220;bottom&#8220; equal_height=&#8220;yes&#8220; content_placement=&#8220;middle&#8220; video_bg=&#8220;yes&#8220; video_bg_url=&#8220;https:\/\/www.youtube.com\/watch?v=oLb7ITzfhuo&#8220; el_id=&#8220;videoKopf&#8220;][vc_column][\/vc_column][\/vc_row][vc_row][vc_column][vc_column_text] WILLKOMMEN IN DER SIGNATURE RESIDENCE SA Wir k\u00f6nnen Ihnen helfen, mehr von dem zu tun, was Sie lieben. Ganz gleich, ob Sie einen exklusiven Tisch in Ihrem Lieblingsrestaurant, VIP-Konzertpl\u00e4tze, eine Unterkunft, eine Radtour oder einen Traumurlaub in Kapstadt f\u00fcr Sie und Ihre Familie w\u00fcnschen &#8211; wir [&hellip;]<\/p>\n","protected":false},"author":1,"featured_media":0,"parent":0,"menu_order":0,"comment_status":"closed","ping_status":"closed","template":"page-blank-with-container.php","meta":{"_acf_changed":false,"inline_featured_image":false,"footnotes":""},"class_list":["post-3639","page","type-page","status-publish","hentry"],"acf":[],"yoast_head":"<!-- This site is optimized with the Yoast SEO plugin v26.6 - https:\/\/yoast.com\/wordpress\/plugins\/seo\/ -->\n<title>\u00dcber uns - Signature Residence SA<\/title>\n<meta name=\"robots\" content=\"index, follow, max-snippet:-1, max-image-preview:large, max-video-preview:-1\" \/>\n<link rel=\"canonical\" href=\"https:\/\/www.signature-residence.com\/de\/ueber-uns\/\" \/>\n<meta property=\"og:locale\" content=\"de_DE\" \/>\n<meta property=\"og:type\" content=\"article\" \/>\n<meta property=\"og:title\" content=\"\u00dcber uns - Signature Residence SA\" \/>\n<meta property=\"og:description\" content=\"[vc_row full_width=&#8220;stretch_row_content_no_spaces&#8220; full_height=&#8220;yes&#8220; columns_placement=&#8220;bottom&#8220; equal_height=&#8220;yes&#8220; content_placement=&#8220;middle&#8220; video_bg=&#8220;yes&#8220; video_bg_url=&#8220;https:\/\/www.youtube.com\/watch?v=oLb7ITzfhuo&#8220; el_id=&#8220;videoKopf&#8220;][vc_column][\/vc_column][\/vc_row][vc_row][vc_column][vc_column_text] WILLKOMMEN IN DER SIGNATURE RESIDENCE SA Wir k\u00f6nnen Ihnen helfen, mehr von dem zu tun, was Sie lieben. Ganz gleich, ob Sie einen exklusiven Tisch in Ihrem Lieblingsrestaurant, VIP-Konzertpl\u00e4tze, eine Unterkunft, eine Radtour oder einen Traumurlaub in Kapstadt f\u00fcr Sie und Ihre Familie w\u00fcnschen &#8211; wir [&hellip;]\" \/>\n<meta property=\"og:url\" content=\"https:\/\/www.signature-residence.com\/de\/ueber-uns\/\" \/>\n<meta property=\"og:site_name\" content=\"Signature Residence SA\" \/>\n<meta property=\"article:publisher\" content=\"https:\/\/www.facebook.com\/residencesa\" \/>\n<meta property=\"article:modified_time\" content=\"2024-03-03T08:16:12+00:00\" \/>\n<meta name=\"twitter:card\" content=\"summary_large_image\" \/>\n<meta name=\"twitter:label1\" content=\"Gesch\u00e4tzte Lesezeit\" \/>\n\t<meta name=\"twitter:data1\" content=\"2\u00a0Minuten\" \/>\n<script type=\"application\/ld+json\" class=\"yoast-schema-graph\">{\"@context\":\"https:\/\/schema.org\",\"@graph\":[{\"@type\":\"WebPage\",\"@id\":\"https:\/\/www.signature-residence.com\/de\/ueber-uns\/\",\"url\":\"https:\/\/www.signature-residence.com\/de\/ueber-uns\/\",\"name\":\"\u00dcber uns - Signature Residence SA\",\"isPartOf\":{\"@id\":\"https:\/\/www.signature-residence.com\/de\/#website\"},\"datePublished\":\"2022-07-03T07:26:04+00:00\",\"dateModified\":\"2024-03-03T08:16:12+00:00\",\"breadcrumb\":{\"@id\":\"https:\/\/www.signature-residence.com\/de\/ueber-uns\/#breadcrumb\"},\"inLanguage\":\"de\",\"potentialAction\":[{\"@type\":\"ReadAction\",\"target\":[\"https:\/\/www.signature-residence.com\/de\/ueber-uns\/\"]}]},{\"@type\":\"BreadcrumbList\",\"@id\":\"https:\/\/www.signature-residence.com\/de\/ueber-uns\/#breadcrumb\",\"itemListElement\":[{\"@type\":\"ListItem\",\"position\":1,\"name\":\"Home\",\"item\":\"https:\/\/www.signature-residence.com\/de\/startseite\/\"},{\"@type\":\"ListItem\",\"position\":2,\"name\":\"\u00dcber uns\"}]},{\"@type\":\"WebSite\",\"@id\":\"https:\/\/www.signature-residence.com\/de\/#website\",\"url\":\"https:\/\/www.signature-residence.com\/de\/\",\"name\":\"Signature Residence SA\",\"description\":\"Our business is built on connectivity, and our local network of partners are ready to bring every wish, new and old, big and small, to fruition. Cape Town is ready for you and so is the team at Signature Residence SA.\",\"publisher\":{\"@id\":\"https:\/\/www.signature-residence.com\/de\/#organization\"},\"potentialAction\":[{\"@type\":\"SearchAction\",\"target\":{\"@type\":\"EntryPoint\",\"urlTemplate\":\"https:\/\/www.signature-residence.com\/de\/?s={search_term_string}\"},\"query-input\":{\"@type\":\"PropertyValueSpecification\",\"valueRequired\":true,\"valueName\":\"search_term_string\"}}],\"inLanguage\":\"de\"},{\"@type\":\"Organization\",\"@id\":\"https:\/\/www.signature-residence.com\/de\/#organization\",\"name\":\"Signature Residence SA\",\"url\":\"https:\/\/www.signature-residence.com\/de\/\",\"logo\":{\"@type\":\"ImageObject\",\"inLanguage\":\"de\",\"@id\":\"https:\/\/www.signature-residence.com\/de\/#\/schema\/logo\/image\/\",\"url\":\"https:\/\/www.signature-residence.com\/wp-content\/uploads\/2022\/05\/logo_SignatureResidence.svg\",\"contentUrl\":\"https:\/\/www.signature-residence.com\/wp-content\/uploads\/2022\/05\/logo_SignatureResidence.svg\",\"width\":\"1024\",\"height\":\"1024\",\"caption\":\"Signature Residence SA\"},\"image\":{\"@id\":\"https:\/\/www.signature-residence.com\/de\/#\/schema\/logo\/image\/\"},\"sameAs\":[\"https:\/\/www.facebook.com\/residencesa\",\"https:\/\/za.linkedin.com\/in\/hanber-leedo-b1b5a413a\"]}]}<\/script>\n<!-- \/ Yoast SEO plugin. -->","yoast_head_json":{"title":"\u00dcber uns - Signature Residence SA","robots":{"index":"index","follow":"follow","max-snippet":"max-snippet:-1","max-image-preview":"max-image-preview:large","max-video-preview":"max-video-preview:-1"},"canonical":"https:\/\/www.signature-residence.com\/de\/ueber-uns\/","og_locale":"de_DE","og_type":"article","og_title":"\u00dcber uns - Signature Residence SA","og_description":"[vc_row full_width=&#8220;stretch_row_content_no_spaces&#8220; full_height=&#8220;yes&#8220; columns_placement=&#8220;bottom&#8220; equal_height=&#8220;yes&#8220; content_placement=&#8220;middle&#8220; video_bg=&#8220;yes&#8220; video_bg_url=&#8220;https:\/\/www.youtube.com\/watch?v=oLb7ITzfhuo&#8220; el_id=&#8220;videoKopf&#8220;][vc_column][\/vc_column][\/vc_row][vc_row][vc_column][vc_column_text] WILLKOMMEN IN DER SIGNATURE RESIDENCE SA Wir k\u00f6nnen Ihnen helfen, mehr von dem zu tun, was Sie lieben. Ganz gleich, ob Sie einen exklusiven Tisch in Ihrem Lieblingsrestaurant, VIP-Konzertpl\u00e4tze, eine Unterkunft, eine Radtour oder einen Traumurlaub in Kapstadt f\u00fcr Sie und Ihre Familie w\u00fcnschen &#8211; wir [&hellip;]","og_url":"https:\/\/www.signature-residence.com\/de\/ueber-uns\/","og_site_name":"Signature Residence SA","article_publisher":"https:\/\/www.facebook.com\/residencesa","article_modified_time":"2024-03-03T08:16:12+00:00","twitter_card":"summary_large_image","twitter_misc":{"Gesch\u00e4tzte Lesezeit":"2\u00a0Minuten"},"schema":{"@context":"https:\/\/schema.org","@graph":[{"@type":"WebPage","@id":"https:\/\/www.signature-residence.com\/de\/ueber-uns\/","url":"https:\/\/www.signature-residence.com\/de\/ueber-uns\/","name":"\u00dcber uns - Signature Residence SA","isPartOf":{"@id":"https:\/\/www.signature-residence.com\/de\/#website"},"datePublished":"2022-07-03T07:26:04+00:00","dateModified":"2024-03-03T08:16:12+00:00","breadcrumb":{"@id":"https:\/\/www.signature-residence.com\/de\/ueber-uns\/#breadcrumb"},"inLanguage":"de","potentialAction":[{"@type":"ReadAction","target":["https:\/\/www.signature-residence.com\/de\/ueber-uns\/"]}]},{"@type":"BreadcrumbList","@id":"https:\/\/www.signature-residence.com\/de\/ueber-uns\/#breadcrumb","itemListElement":[{"@type":"ListItem","position":1,"name":"Home","item":"https:\/\/www.signature-residence.com\/de\/startseite\/"},{"@type":"ListItem","position":2,"name":"\u00dcber uns"}]},{"@type":"WebSite","@id":"https:\/\/www.signature-residence.com\/de\/#website","url":"https:\/\/www.signature-residence.com\/de\/","name":"Signature Residence SA","description":"Our business is built on connectivity, and our local network of partners are ready to bring every wish, new and old, big and small, to fruition. Cape Town is ready for you and so is the team at Signature Residence SA.","publisher":{"@id":"https:\/\/www.signature-residence.com\/de\/#organization"},"potentialAction":[{"@type":"SearchAction","target":{"@type":"EntryPoint","urlTemplate":"https:\/\/www.signature-residence.com\/de\/?s={search_term_string}"},"query-input":{"@type":"PropertyValueSpecification","valueRequired":true,"valueName":"search_term_string"}}],"inLanguage":"de"},{"@type":"Organization","@id":"https:\/\/www.signature-residence.com\/de\/#organization","name":"Signature Residence SA","url":"https:\/\/www.signature-residence.com\/de\/","logo":{"@type":"ImageObject","inLanguage":"de","@id":"https:\/\/www.signature-residence.com\/de\/#\/schema\/logo\/image\/","url":"https:\/\/www.signature-residence.com\/wp-content\/uploads\/2022\/05\/logo_SignatureResidence.svg","contentUrl":"https:\/\/www.signature-residence.com\/wp-content\/uploads\/2022\/05\/logo_SignatureResidence.svg","width":"1024","height":"1024","caption":"Signature Residence SA"},"image":{"@id":"https:\/\/www.signature-residence.com\/de\/#\/schema\/logo\/image\/"},"sameAs":["https:\/\/www.facebook.com\/residencesa","https:\/\/za.linkedin.com\/in\/hanber-leedo-b1b5a413a"]}]}},"_links":{"self":[{"href":"https:\/\/www.signature-residence.com\/de\/wp-json\/wp\/v2\/pages\/3639","targetHints":{"allow":["GET"]}}],"collection":[{"href":"https:\/\/www.signature-residence.com\/de\/wp-json\/wp\/v2\/pages"}],"about":[{"href":"https:\/\/www.signature-residence.com\/de\/wp-json\/wp\/v2\/types\/page"}],"author":[{"embeddable":true,"href":"https:\/\/www.signature-residence.com\/de\/wp-json\/wp\/v2\/users\/1"}],"replies":[{"embeddable":true,"href":"https:\/\/www.signature-residence.com\/de\/wp-json\/wp\/v2\/comments?post=3639"}],"version-history":[{"count":3,"href":"https:\/\/www.signature-residence.com\/de\/wp-json\/wp\/v2\/pages\/3639\/revisions"}],"predecessor-version":[{"id":14570,"href":"https:\/\/www.signature-residence.com\/de\/wp-json\/wp\/v2\/pages\/3639\/revisions\/14570"}],"wp:attachment":[{"href":"https:\/\/www.signature-residence.com\/de\/wp-json\/wp\/v2\/media?parent=3639"}],"curies":[{"name":"wp","href":"https:\/\/api.w.org\/{rel}","templated":true}]}}