{"id":23982,"date":"2025-01-14T16:23:41","date_gmt":"2025-01-14T14:23:41","guid":{"rendered":"https:\/\/www.signature-residence.com\/renovierungen\/"},"modified":"2025-01-15T10:42:34","modified_gmt":"2025-01-15T08:42:34","slug":"renovierungen","status":"publish","type":"page","link":"https:\/\/www.signature-residence.com\/de\/renovierungen\/","title":{"rendered":"Renovierungen"},"content":{"rendered":"<section class=\"wpb-content-wrapper\"><p>[vc_row full_width=&#8220;stretch_row&#8220; content_placement=&#8220;middle&#8220; css=&#8220;.vc_custom_1736930497488{background-image: url(https:\/\/www.signature-residence.com\/wp-content\/uploads\/2025\/01\/hero_renovations.webp?id=23777) !important;background-position: center !important;background-repeat: no-repeat !important;background-size: cover !important;}&#8220; el_class=&#8220;reno-hero&#8220;][vc_column][\/vc_column][\/vc_row][vc_row el_class=&#8220;reno-title-section&#8220;][vc_column][vc_custom_heading text=&#8220;RENOVIERUNGEN&#8220; font_container=&#8220;tag:h1|text_align:center&#8220; google_fonts=&#8220;font_family:Montserrat%3Aregular%2C700|font_style:700%20bold%20regular%3A700%3Anormal&#8220;][vc_column_text]<\/p>\n<p style=\"text-align: center;\">Wenn Sie derzeit au\u00dferhalb S\u00fcdafrikas wohnen und Unterst\u00fctzung bei Ihren Renovierungs- und Bauprojekten in Dolphin Beach ben\u00f6tigen, ist das Team von Signature Residence SA genau der richtige Ansprechpartner f\u00fcr Sie.<\/p>\n<p style=\"text-align: center;\">Signature Residence SA ist ein angesehenes privates Immobilienverwaltungsunternehmen in Kapstadt, das sich auf die Verwaltung von Immobilien und Immobilieninvestitionen in Dolphin Beach spezialisiert hat.<\/p>\n<p style=\"text-align: center;\">Wenn es an der Zeit ist, eine neue Immobilie zu kaufen oder den Kauf einer renovierungsbed\u00fcrftigen Immobilie in Erw\u00e4gung zu ziehen, kann es \u00fcberw\u00e4ltigend sein, zu wissen, wo man anfangen soll oder an wen man sich wenden soll, besonders in einem fremden Land. Es ist von entscheidender Bedeutung, jemanden zu finden, der nicht nur Ihre Anspr\u00fcche versteht, sondern auch die Liebe zum Detail und die feinen Dinge zu sch\u00e4tzen wei\u00df und dies entsprechend den Baurichtlinien von Dolphin Beach tut. <\/p>\n<p style=\"text-align: center;\">Hanber Leedo, ein Gr\u00fcndungsmitglied von Signature Residence SA, unterst\u00fctzt internationale Immobilienbesitzer in Kapstadt, die eine Immobilie am Dolphin Beach erworben haben, indem er mit erstklassigen Renovierungsspezialisten zusammenarbeitet. Hanber hat erkannt, dass eine erfolgreiche Renovierung ein tiefes Verst\u00e4ndnis des Hintergrunds, der Herkunft, der Vorlieben und des Wesens seiner Kunden erfordert, anstatt sich einfach auf eine Checkliste zu verlassen. <\/p>\n<p>[\/vc_column_text][\/vc_column][\/vc_row][vc_row el_class=&#8220;uae-icon-title&#8220;][vc_column][vc_custom_heading text=&#8220;UNSERE DIENSTLEISTUNGEN&#8220; font_container=&#8220;tag:h1|text_align:center&#8220; google_fonts=&#8220;font_family:Montserrat%3Aregular%2C700|font_style:700%20bold%20regular%3A700%3Anormal&#8220;][\/vc_column][\/vc_row][vc_row el_class=&#8220;reno-icon-section&#8220;][vc_column][vc_single_image image=&#8220;23787&#8243; img_size=&#8220;full&#8220; alignment=&#8220;center&#8220;][vc_column_text]<\/p>\n<p style=\"text-align: center;\">Gehen Sie auf den Renovierungs- und Baubedarf des Kunden ein.<\/p>\n<p>[\/vc_column_text][\/vc_column][vc_column offset=&#8220;vc_col-md-12&#8243;][vc_single_image image=&#8220;23902&#8243; img_size=&#8220;full&#8220; alignment=&#8220;center&#8220;][vc_column_text]<\/p>\n<p style=\"text-align: center;\">Sichern Sie Blaupausen, Pl\u00e4ne und Skizzen von Immobilien.<\/p>\n<p>[\/vc_column_text][\/vc_column][vc_column][vc_single_image image=&#8220;23797&#8243; img_size=&#8220;full&#8220; alignment=&#8220;center&#8220;][vc_column_text]<\/p>\n<p style=\"text-align: center;\">Holen Sie sich Anregungen und Vorschl\u00e4ge von Innenarchitekten und Dienstleistern.<\/p>\n<p>[\/vc_column_text][\/vc_column][vc_column offset=&#8220;vc_col-md-12&#8243;][vc_single_image image=&#8220;23802&#8243; img_size=&#8220;full&#8220; alignment=&#8220;center&#8220;][vc_column_text]<\/p>\n<p style=\"text-align: center;\">Hilfe bei der Erstellung eines umfassenden Arbeitsumfangs.<\/p>\n<p>[\/vc_column_text][\/vc_column][vc_column][vc_single_image image=&#8220;23807&#8243; img_size=&#8220;full&#8220; alignment=&#8220;center&#8220;][vc_column_text]<\/p>\n<p style=\"text-align: center;\">Beschaffen Sie sich Produktmuster zur \u00dcberpr\u00fcfung.<\/p>\n<p>[\/vc_column_text][\/vc_column][vc_column][vc_single_image image=&#8220;23812&#8243; img_size=&#8220;full&#8220; alignment=&#8220;center&#8220;][vc_column_text]<\/p>\n<p style=\"text-align: center;\">Holen Sie Kostenvoranschl\u00e4ge ein und legen Sie sie dem Immobilieneigent\u00fcmer vor.<\/p>\n<p>[\/vc_column_text][\/vc_column][vc_column][vc_single_image image=&#8220;23817&#8243; img_size=&#8220;full&#8220; alignment=&#8220;center&#8220;][vc_column_text]<\/p>\n<p style=\"text-align: center;\">Bereiten Sie Vertr\u00e4ge und Vereinbarungen zwischen allen Vertragspartnern vor.<\/p>\n<p>[\/vc_column_text][\/vc_column][vc_column][vc_single_image image=&#8220;23822&#8243; img_size=&#8220;full&#8220; alignment=&#8220;center&#8220;][vc_column_text]<\/p>\n<p style=\"text-align: center;\">Besprechen Sie die Kosten und den Zeitplan des Projekts mit dem Bauherrn und dem Eigent\u00fcmer.<\/p>\n<p>[\/vc_column_text][\/vc_column][vc_column][vc_single_image image=&#8220;23827&#8243; img_size=&#8220;full&#8220; alignment=&#8220;center&#8220;][vc_column_text]<\/p>\n<p style=\"text-align: center;\">Garantieren Sie die Einhaltung von Bauvorschriften und Landesgesetzen.<\/p>\n<p>[\/vc_column_text][\/vc_column][vc_column][vc_single_image image=&#8220;23832&#8243; img_size=&#8220;full&#8220; alignment=&#8220;center&#8220;][vc_column_text]<\/p>\n<p style=\"text-align: center;\">Holen Sie die erforderlichen Genehmigungen bei den zust\u00e4ndigen Beh\u00f6rden ein.<\/p>\n<p>[\/vc_column_text][\/vc_column][vc_column][vc_single_image image=&#8220;23837&#8243; img_size=&#8220;full&#8220; alignment=&#8220;center&#8220;][vc_column_text]<\/p>\n<p style=\"text-align: center;\">F\u00fchren Sie t\u00e4glich Qualit\u00e4tskontrollen f\u00fcr alle erledigten Aufgaben durch.<\/p>\n<p>[\/vc_column_text][\/vc_column][vc_column][vc_single_image image=&#8220;23842&#8243; img_size=&#8220;full&#8220; alignment=&#8220;center&#8220;][vc_column_text]<\/p>\n<p style=\"text-align: center;\">Halten Sie den Eigent\u00fcmer durch Fotos und Videoanrufe \u00fcber die Fortschritte auf dem Laufenden.<\/p>\n<p>[\/vc_column_text][\/vc_column][vc_column][vc_single_image image=&#8220;23847&#8243; img_size=&#8220;full&#8220; alignment=&#8220;center&#8220;][vc_column_text]<\/p>\n<p style=\"text-align: center;\">Stellen Sie sicher, dass alle Zahlungen nach Abschluss des Projekts geleistet werden.<\/p>\n<p>[\/vc_column_text][\/vc_column][vc_column][vc_single_image image=&#8220;23852&#8243; img_size=&#8220;full&#8220; alignment=&#8220;center&#8220;][vc_column_text]<\/p>\n<p style=\"text-align: center;\">Verwalten Sie die Projektfristen und -termine.<\/p>\n<p>[\/vc_column_text][\/vc_column][vc_column][vc_single_image image=&#8220;23857&#8243; img_size=&#8220;full&#8220; alignment=&#8220;center&#8220;][vc_column_text]<\/p>\n<p style=\"text-align: center;\">Best\u00e4tigen Sie, dass das endg\u00fcltige Projekt zu Ihrer Zufriedenheit ausf\u00e4llt.<\/p>\n<p>[\/vc_column_text][\/vc_column][\/vc_row][vc_row el_class=&#8220;uae-end&#8220;][vc_column][vc_column_text]<\/p>\n<p style=\"text-align: center;\"><strong>Es ist in der Tat eine Herausforderung, Projekte von einem entfernten Standort aus zu verwalten. Es ist jedoch von entscheidender Bedeutung, eine zuverl\u00e4ssige Person vor Ort zu haben, die als Ihr Vertreter fungiert und Ihre Interessen \u00fcber die des Bauunternehmens stellt. <\/strong><\/p>\n<p style=\"text-align: center;\">Diese Person sollte auch au\u00dferhalb der regul\u00e4ren Arbeitszeiten f\u00fcr Gespr\u00e4che zur Verf\u00fcgung stehen, um Updates zu liefern und Projektdetails zu besprechen. Wenn Sie Ihren Traum vom eigenen Haus am Strand verwirklichen m\u00f6chten, <strong>  empfehlen wir Ihnen, sich an das Team von Signature Residence SA zu wenden. Hanber Leedo und das Team von Signature werden Ihnen bei jedem Schritt zur Seite stehen. <\/strong>.<\/p>\n<p>[\/vc_column_text][\/vc_column][\/vc_row][vc_row full_width=&#8220;stretch_row&#8220; el_class=&#8220;reno-process-section&#8220; css=&#8220;.vc_custom_1736867118266{background-color: #f2f2f2 !important;}&#8220;][vc_column width=&#8220;1\/5&#8243;][vc_single_image image=&#8220;23868&#8243; img_size=&#8220;full&#8220; alignment=&#8220;center&#8220;][vc_column_text]<\/p>\n<p class=\"reno-process\"><span class=\"reno-process-number\">1<\/span><\/p>\n<p style=\"text-align: center;\"><strong>ANFRAGE<\/strong><br \/>\nRufen Sie uns an, f\u00fcllen Sie ein Formular aus oder schicken Sie uns eine E-Mail<\/p>\n<p>[\/vc_column_text][\/vc_column][vc_column width=&#8220;1\/5&#8243;][vc_single_image image=&#8220;23883&#8243; img_size=&#8220;full&#8220; alignment=&#8220;center&#8220;][vc_column_text]<\/p>\n<p class=\"reno-process\"><span class=\"reno-process-number\">2<\/span><\/p>\n<p style=\"text-align: center;\"><strong>MEET WITH US<\/strong><br \/>\nErste Beratung oder Besichtigung vor Ort durchgef\u00fchrt<\/p>\n<p>[\/vc_column_text][\/vc_column][vc_column width=&#8220;1\/5&#8243;][vc_single_image image=&#8220;23863&#8243; img_size=&#8220;full&#8220; alignment=&#8220;center&#8220;][vc_column_text]<\/p>\n<p class=\"reno-process\"><span class=\"reno-process-number\">3<\/span><\/p>\n<p style=\"text-align: center;\"><strong>QUOTE<\/strong><br \/>\nAngebot zur Genehmigung an den Kunden geschickt<\/p>\n<p>[\/vc_column_text][\/vc_column][vc_column width=&#8220;1\/5&#8243;][vc_single_image image=&#8220;23873&#8243; img_size=&#8220;full&#8220; alignment=&#8220;center&#8220;][vc_column_text]<\/p>\n<p class=\"reno-process\"><span class=\"reno-process-number\">4<\/span><\/p>\n<p style=\"text-align: center;\"><strong>FINALISIERUNG<\/strong><br \/>\nAbschlussgespr\u00e4che und Anzahlung bezahlt<\/p>\n<p>[\/vc_column_text][\/vc_column][vc_column width=&#8220;1\/5&#8243;][vc_single_image image=&#8220;23878&#8243; img_size=&#8220;full&#8220; alignment=&#8220;center&#8220;][vc_column_text]<\/p>\n<p class=\"reno-process\"><span class=\"reno-process-number\">5<\/span><\/p>\n<p style=\"text-align: center;\"><strong>INSTALLATION<\/strong><br \/>\nDas Installationsteam beginnt mit den Renovierungsarbeiten an<\/p>\n<p>[\/vc_column_text][\/vc_column][\/vc_row][vc_row full_width=&#8220;stretch_row&#8220; content_placement=&#8220;middle&#8220; el_class=&#8220;reno-contact-section&#8220; css=&#8220;.vc_custom_1736850463788{background-image: url(https:\/\/www.signature-residence.com\/wp-content\/uploads\/2025\/01\/footer_renovations.webp?id=23782) !important;background-position: center !important;background-repeat: no-repeat !important;background-size: cover !important;}&#8220;][vc_column width=&#8220;1\/2&#8243;][vc_row_inner el_class=&#8220;foot-contact-box&#8220;][vc_column_inner][vc_column_text]<\/p>\n<h3>Kein Auftrag ist zu gro\u00df oder zu klein.<br \/>\nIhr Komfort ist unsere Priorit\u00e4t!<\/h3>\n<p>[\/vc_column_text][vc_btn title=&#8220;Kontaktieren Sie uns&#8220; style=&#8220;flat&#8220; shape=&#8220;square&#8220; color=&#8220;white&#8220; size=&#8220;lg&#8220; link=&#8220;url:https%3A%2F%2Fwww.signature-residence.com%2Fde%2Fkontaktieren-sie-uns%2F|target:_blank|&#8220;][\/vc_column_inner][\/vc_row_inner][\/vc_column][vc_column width=&#8220;1\/2&#8243;][\/vc_column][\/vc_row]<\/p>\n<\/section>","protected":false},"excerpt":{"rendered":"<p>[vc_row full_width=&#8220;stretch_row&#8220; content_placement=&#8220;middle&#8220; css=&#8220;.vc_custom_1736930497488{background-image: url(https:\/\/www.signature-residence.com\/wp-content\/uploads\/2025\/01\/hero_renovations.webp?id=23777) !important;background-position: center !important;background-repeat: no-repeat !important;background-size: cover !important;}&#8220; el_class=&#8220;reno-hero&#8220;][vc_column][\/vc_column][\/vc_row][vc_row el_class=&#8220;reno-title-section&#8220;][vc_column][vc_custom_heading text=&#8220;RENOVIERUNGEN&#8220; font_container=&#8220;tag:h1|text_align:center&#8220; google_fonts=&#8220;font_family:Montserrat%3Aregular%2C700|font_style:700%20bold%20regular%3A700%3Anormal&#8220;][vc_column_text] Wenn Sie derzeit au\u00dferhalb S\u00fcdafrikas wohnen und Unterst\u00fctzung bei Ihren Renovierungs- und Bauprojekten in Dolphin Beach ben\u00f6tigen, ist das Team von Signature Residence SA genau der richtige Ansprechpartner f\u00fcr Sie. Signature Residence SA ist ein angesehenes privates Immobilienverwaltungsunternehmen [&hellip;]<\/p>\n","protected":false},"author":1,"featured_media":0,"parent":0,"menu_order":0,"comment_status":"closed","ping_status":"closed","template":"page-blank-with-container.php","meta":{"_acf_changed":false,"inline_featured_image":false,"footnotes":""},"class_list":["post-23982","page","type-page","status-publish","hentry"],"acf":[],"yoast_head":"<!-- This site is optimized with the Yoast SEO plugin v26.6 - https:\/\/yoast.com\/wordpress\/plugins\/seo\/ -->\n<title>Renovierungen - Signature Residence SA<\/title>\n<meta name=\"robots\" content=\"index, follow, max-snippet:-1, max-image-preview:large, max-video-preview:-1\" \/>\n<link rel=\"canonical\" href=\"https:\/\/www.signature-residence.com\/de\/renovierungen\/\" \/>\n<meta property=\"og:locale\" content=\"de_DE\" \/>\n<meta property=\"og:type\" content=\"article\" \/>\n<meta property=\"og:title\" content=\"Renovierungen - Signature Residence SA\" \/>\n<meta property=\"og:description\" content=\"[vc_row full_width=&#8220;stretch_row&#8220; content_placement=&#8220;middle&#8220; css=&#8220;.vc_custom_1736930497488{background-image: url(https:\/\/www.signature-residence.com\/wp-content\/uploads\/2025\/01\/hero_renovations.webp?id=23777) !important;background-position: center !important;background-repeat: no-repeat !important;background-size: cover !important;}&#8220; el_class=&#8220;reno-hero&#8220;][vc_column][\/vc_column][\/vc_row][vc_row el_class=&#8220;reno-title-section&#8220;][vc_column][vc_custom_heading text=&#8220;RENOVIERUNGEN&#8220; font_container=&#8220;tag:h1|text_align:center&#8220; google_fonts=&#8220;font_family:Montserrat%3Aregular%2C700|font_style:700%20bold%20regular%3A700%3Anormal&#8220;][vc_column_text] Wenn Sie derzeit au\u00dferhalb S\u00fcdafrikas wohnen und Unterst\u00fctzung bei Ihren Renovierungs- und Bauprojekten in Dolphin Beach ben\u00f6tigen, ist das Team von Signature Residence SA genau der richtige Ansprechpartner f\u00fcr Sie. Signature Residence SA ist ein angesehenes privates Immobilienverwaltungsunternehmen [&hellip;]\" \/>\n<meta property=\"og:url\" content=\"https:\/\/www.signature-residence.com\/de\/renovierungen\/\" \/>\n<meta property=\"og:site_name\" content=\"Signature Residence SA\" \/>\n<meta property=\"article:publisher\" content=\"https:\/\/www.facebook.com\/residencesa\" \/>\n<meta property=\"article:modified_time\" content=\"2025-01-15T08:42:34+00:00\" \/>\n<meta name=\"twitter:card\" content=\"summary_large_image\" \/>\n<meta name=\"twitter:label1\" content=\"Gesch\u00e4tzte Lesezeit\" \/>\n\t<meta name=\"twitter:data1\" content=\"6\u00a0Minuten\" \/>\n<script type=\"application\/ld+json\" class=\"yoast-schema-graph\">{\"@context\":\"https:\/\/schema.org\",\"@graph\":[{\"@type\":\"WebPage\",\"@id\":\"https:\/\/www.signature-residence.com\/de\/renovierungen\/\",\"url\":\"https:\/\/www.signature-residence.com\/de\/renovierungen\/\",\"name\":\"Renovierungen - Signature Residence SA\",\"isPartOf\":{\"@id\":\"https:\/\/www.signature-residence.com\/de\/#website\"},\"datePublished\":\"2025-01-14T14:23:41+00:00\",\"dateModified\":\"2025-01-15T08:42:34+00:00\",\"breadcrumb\":{\"@id\":\"https:\/\/www.signature-residence.com\/de\/renovierungen\/#breadcrumb\"},\"inLanguage\":\"de\",\"potentialAction\":[{\"@type\":\"ReadAction\",\"target\":[\"https:\/\/www.signature-residence.com\/de\/renovierungen\/\"]}]},{\"@type\":\"BreadcrumbList\",\"@id\":\"https:\/\/www.signature-residence.com\/de\/renovierungen\/#breadcrumb\",\"itemListElement\":[{\"@type\":\"ListItem\",\"position\":1,\"name\":\"Home\",\"item\":\"https:\/\/www.signature-residence.com\/de\/startseite\/\"},{\"@type\":\"ListItem\",\"position\":2,\"name\":\"Renovierungen\"}]},{\"@type\":\"WebSite\",\"@id\":\"https:\/\/www.signature-residence.com\/de\/#website\",\"url\":\"https:\/\/www.signature-residence.com\/de\/\",\"name\":\"Signature Residence SA\",\"description\":\"Our business is built on connectivity, and our local network of partners are ready to bring every wish, new and old, big and small, to fruition. Cape Town is ready for you and so is the team at Signature Residence SA.\",\"publisher\":{\"@id\":\"https:\/\/www.signature-residence.com\/de\/#organization\"},\"potentialAction\":[{\"@type\":\"SearchAction\",\"target\":{\"@type\":\"EntryPoint\",\"urlTemplate\":\"https:\/\/www.signature-residence.com\/de\/?s={search_term_string}\"},\"query-input\":{\"@type\":\"PropertyValueSpecification\",\"valueRequired\":true,\"valueName\":\"search_term_string\"}}],\"inLanguage\":\"de\"},{\"@type\":\"Organization\",\"@id\":\"https:\/\/www.signature-residence.com\/de\/#organization\",\"name\":\"Signature Residence SA\",\"url\":\"https:\/\/www.signature-residence.com\/de\/\",\"logo\":{\"@type\":\"ImageObject\",\"inLanguage\":\"de\",\"@id\":\"https:\/\/www.signature-residence.com\/de\/#\/schema\/logo\/image\/\",\"url\":\"https:\/\/www.signature-residence.com\/wp-content\/uploads\/2022\/05\/logo_SignatureResidence.svg\",\"contentUrl\":\"https:\/\/www.signature-residence.com\/wp-content\/uploads\/2022\/05\/logo_SignatureResidence.svg\",\"width\":\"1024\",\"height\":\"1024\",\"caption\":\"Signature Residence SA\"},\"image\":{\"@id\":\"https:\/\/www.signature-residence.com\/de\/#\/schema\/logo\/image\/\"},\"sameAs\":[\"https:\/\/www.facebook.com\/residencesa\",\"https:\/\/za.linkedin.com\/in\/hanber-leedo-b1b5a413a\"]}]}<\/script>\n<!-- \/ Yoast SEO plugin. -->","yoast_head_json":{"title":"Renovierungen - Signature Residence SA","robots":{"index":"index","follow":"follow","max-snippet":"max-snippet:-1","max-image-preview":"max-image-preview:large","max-video-preview":"max-video-preview:-1"},"canonical":"https:\/\/www.signature-residence.com\/de\/renovierungen\/","og_locale":"de_DE","og_type":"article","og_title":"Renovierungen - Signature Residence SA","og_description":"[vc_row full_width=&#8220;stretch_row&#8220; content_placement=&#8220;middle&#8220; css=&#8220;.vc_custom_1736930497488{background-image: url(https:\/\/www.signature-residence.com\/wp-content\/uploads\/2025\/01\/hero_renovations.webp?id=23777) !important;background-position: center !important;background-repeat: no-repeat !important;background-size: cover !important;}&#8220; el_class=&#8220;reno-hero&#8220;][vc_column][\/vc_column][\/vc_row][vc_row el_class=&#8220;reno-title-section&#8220;][vc_column][vc_custom_heading text=&#8220;RENOVIERUNGEN&#8220; font_container=&#8220;tag:h1|text_align:center&#8220; google_fonts=&#8220;font_family:Montserrat%3Aregular%2C700|font_style:700%20bold%20regular%3A700%3Anormal&#8220;][vc_column_text] Wenn Sie derzeit au\u00dferhalb S\u00fcdafrikas wohnen und Unterst\u00fctzung bei Ihren Renovierungs- und Bauprojekten in Dolphin Beach ben\u00f6tigen, ist das Team von Signature Residence SA genau der richtige Ansprechpartner f\u00fcr Sie. Signature Residence SA ist ein angesehenes privates Immobilienverwaltungsunternehmen [&hellip;]","og_url":"https:\/\/www.signature-residence.com\/de\/renovierungen\/","og_site_name":"Signature Residence SA","article_publisher":"https:\/\/www.facebook.com\/residencesa","article_modified_time":"2025-01-15T08:42:34+00:00","twitter_card":"summary_large_image","twitter_misc":{"Gesch\u00e4tzte Lesezeit":"6\u00a0Minuten"},"schema":{"@context":"https:\/\/schema.org","@graph":[{"@type":"WebPage","@id":"https:\/\/www.signature-residence.com\/de\/renovierungen\/","url":"https:\/\/www.signature-residence.com\/de\/renovierungen\/","name":"Renovierungen - Signature Residence SA","isPartOf":{"@id":"https:\/\/www.signature-residence.com\/de\/#website"},"datePublished":"2025-01-14T14:23:41+00:00","dateModified":"2025-01-15T08:42:34+00:00","breadcrumb":{"@id":"https:\/\/www.signature-residence.com\/de\/renovierungen\/#breadcrumb"},"inLanguage":"de","potentialAction":[{"@type":"ReadAction","target":["https:\/\/www.signature-residence.com\/de\/renovierungen\/"]}]},{"@type":"BreadcrumbList","@id":"https:\/\/www.signature-residence.com\/de\/renovierungen\/#breadcrumb","itemListElement":[{"@type":"ListItem","position":1,"name":"Home","item":"https:\/\/www.signature-residence.com\/de\/startseite\/"},{"@type":"ListItem","position":2,"name":"Renovierungen"}]},{"@type":"WebSite","@id":"https:\/\/www.signature-residence.com\/de\/#website","url":"https:\/\/www.signature-residence.com\/de\/","name":"Signature Residence SA","description":"Our business is built on connectivity, and our local network of partners are ready to bring every wish, new and old, big and small, to fruition. Cape Town is ready for you and so is the team at Signature Residence SA.","publisher":{"@id":"https:\/\/www.signature-residence.com\/de\/#organization"},"potentialAction":[{"@type":"SearchAction","target":{"@type":"EntryPoint","urlTemplate":"https:\/\/www.signature-residence.com\/de\/?s={search_term_string}"},"query-input":{"@type":"PropertyValueSpecification","valueRequired":true,"valueName":"search_term_string"}}],"inLanguage":"de"},{"@type":"Organization","@id":"https:\/\/www.signature-residence.com\/de\/#organization","name":"Signature Residence SA","url":"https:\/\/www.signature-residence.com\/de\/","logo":{"@type":"ImageObject","inLanguage":"de","@id":"https:\/\/www.signature-residence.com\/de\/#\/schema\/logo\/image\/","url":"https:\/\/www.signature-residence.com\/wp-content\/uploads\/2022\/05\/logo_SignatureResidence.svg","contentUrl":"https:\/\/www.signature-residence.com\/wp-content\/uploads\/2022\/05\/logo_SignatureResidence.svg","width":"1024","height":"1024","caption":"Signature Residence SA"},"image":{"@id":"https:\/\/www.signature-residence.com\/de\/#\/schema\/logo\/image\/"},"sameAs":["https:\/\/www.facebook.com\/residencesa","https:\/\/za.linkedin.com\/in\/hanber-leedo-b1b5a413a"]}]}},"_links":{"self":[{"href":"https:\/\/www.signature-residence.com\/de\/wp-json\/wp\/v2\/pages\/23982","targetHints":{"allow":["GET"]}}],"collection":[{"href":"https:\/\/www.signature-residence.com\/de\/wp-json\/wp\/v2\/pages"}],"about":[{"href":"https:\/\/www.signature-residence.com\/de\/wp-json\/wp\/v2\/types\/page"}],"author":[{"embeddable":true,"href":"https:\/\/www.signature-residence.com\/de\/wp-json\/wp\/v2\/users\/1"}],"replies":[{"embeddable":true,"href":"https:\/\/www.signature-residence.com\/de\/wp-json\/wp\/v2\/comments?post=23982"}],"version-history":[{"count":3,"href":"https:\/\/www.signature-residence.com\/de\/wp-json\/wp\/v2\/pages\/23982\/revisions"}],"predecessor-version":[{"id":24039,"href":"https:\/\/www.signature-residence.com\/de\/wp-json\/wp\/v2\/pages\/23982\/revisions\/24039"}],"wp:attachment":[{"href":"https:\/\/www.signature-residence.com\/de\/wp-json\/wp\/v2\/media?parent=23982"}],"curies":[{"name":"wp","href":"https:\/\/api.w.org\/{rel}","templated":true}]}}